{"id":2721,"date":"2026-02-19T11:06:55","date_gmt":"2026-02-19T11:06:55","guid":{"rendered":"http:\/\/llocdemenorca.com\/mentions-legales\/"},"modified":"2026-03-11T23:13:12","modified_gmt":"2026-03-11T23:13:12","slug":"mentions-legales","status":"publish","type":"page","link":"https:\/\/llocdemenorca.com\/fr\/mentions-legales\/","title":{"rendered":"Mentions L\u00e9gales"},"content":{"rendered":"[vc_row type=\u00a0\u00bbin_container\u00a0\u00bb full_screen_row_position=\u00a0\u00bbmiddle\u00a0\u00bb column_margin=\u00a0\u00bbdefault\u00a0\u00bb column_direction=\u00a0\u00bbdefault\u00a0\u00bb column_direction_tablet=\u00a0\u00bbdefault\u00a0\u00bb column_direction_phone=\u00a0\u00bbdefault\u00a0\u00bb scene_position=\u00a0\u00bbcenter\u00a0\u00bb top_padding=\u00a0\u00bb2%\u00a0\u00bb bottom_padding=\u00a0\u00bb1%\u00a0\u00bb constrain_group_2=\u00a0\u00bbyes\u00a0\u00bb top_padding_tablet=\u00a0\u00bb4%\u00a0\u00bb bottom_padding_tablet=\u00a0\u00bb3%\u00a0\u00bb constrain_group_4=\u00a0\u00bbyes\u00a0\u00bb constrain_group_6=\u00a0\u00bbyes\u00a0\u00bb text_color=\u00a0\u00bbdark\u00a0\u00bb text_align=\u00a0\u00bbleft\u00a0\u00bb row_border_radius=\u00a0\u00bbnone\u00a0\u00bb row_border_radius_applies=\u00a0\u00bbbg\u00a0\u00bb row_position_desktop=\u00a0\u00bbdefault\u00a0\u00bb row_position_tablet=\u00a0\u00bbinherit\u00a0\u00bb row_position_phone=\u00a0\u00bbinherit\u00a0\u00bb overflow=\u00a0\u00bbvisible\u00a0\u00bb overlay_strength=\u00a0\u00bb0.3&Prime; gradient_direction=\u00a0\u00bbleft_to_right\u00a0\u00bb shape_divider_position=\u00a0\u00bbbottom\u00a0\u00bb bg_image_animation=\u00a0\u00bbnone\u00a0\u00bb gradient_type=\u00a0\u00bbdefault\u00a0\u00bb shape_type=\u00a0\u00bb\u00a0\u00bb][vc_column column_padding=\u00a0\u00bbno-extra-padding\u00a0\u00bb column_padding_tablet=\u00a0\u00bbinherit\u00a0\u00bb column_padding_phone=\u00a0\u00bbinherit\u00a0\u00bb column_padding_position=\u00a0\u00bball\u00a0\u00bb flex_gap_desktop=\u00a0\u00bb10px\u00a0\u00bb column_element_direction_desktop=\u00a0\u00bbdefault\u00a0\u00bb column_element_spacing=\u00a0\u00bbdefault\u00a0\u00bb desktop_text_alignment=\u00a0\u00bbdefault\u00a0\u00bb tablet_text_alignment=\u00a0\u00bbdefault\u00a0\u00bb phone_text_alignment=\u00a0\u00bbdefault\u00a0\u00bb background_color_opacity=\u00a0\u00bb1&Prime; background_hover_color_opacity=\u00a0\u00bb1&Prime; column_backdrop_filter=\u00a0\u00bbnone\u00a0\u00bb column_shadow=\u00a0\u00bbnone\u00a0\u00bb column_border_radius=\u00a0\u00bbnone\u00a0\u00bb column_link_target=\u00a0\u00bb_self\u00a0\u00bb column_position=\u00a0\u00bbdefault\u00a0\u00bb gradient_direction=\u00a0\u00bbleft_to_right\u00a0\u00bb overlay_strength=\u00a0\u00bb0.3&Prime; width=\u00a0\u00bb2\/3&Prime; tablet_width_inherit=\u00a0\u00bbdefault\u00a0\u00bb animation_type=\u00a0\u00bbdefault\u00a0\u00bb bg_image_animation=\u00a0\u00bbnone\u00a0\u00bb border_type=\u00a0\u00bbsimple\u00a0\u00bb column_border_width=\u00a0\u00bbnone\u00a0\u00bb column_border_style=\u00a0\u00bbsolid\u00a0\u00bb][split_line_heading line_reveal_by_space_text_effect=\u00a0\u00bbnone\u00a0\u00bb font_style=\u00a0\u00bbh1&Prime; text_color=\u00a0\u00bb#000000&Prime; stagger_animation=\u00a0\u00bbtrue\u00a0\u00bb content_alignment=\u00a0\u00bbdefault\u00a0\u00bb mobile_content_alignment=\u00a0\u00bbinherit\u00a0\u00bb animation_type=\u00a0\u00bbline-reveal-by-space\u00a0\u00bb link_target=\u00a0\u00bb_self\u00a0\u00bb text_content=\u00a0\u00bbAvis Juridique\u00a0\u00bb text_direction=\u00a0\u00bbdefault\u00a0\u00bb font_size=\u00a0\u00bb3vw\u00a0\u00bb font_size_phone=\u00a0\u00bb5.5vw\u00a0\u00bb]us[\/split_line_heading][\/vc_column][vc_column column_padding=\u00a0\u00bbno-extra-padding\u00a0\u00bb column_padding_tablet=\u00a0\u00bbinherit\u00a0\u00bb column_padding_phone=\u00a0\u00bbinherit\u00a0\u00bb column_padding_position=\u00a0\u00bball\u00a0\u00bb flex_gap_desktop=\u00a0\u00bb10px\u00a0\u00bb column_element_direction_desktop=\u00a0\u00bbdefault\u00a0\u00bb column_element_spacing=\u00a0\u00bbdefault\u00a0\u00bb desktop_text_alignment=\u00a0\u00bbdefault\u00a0\u00bb tablet_text_alignment=\u00a0\u00bbdefault\u00a0\u00bb phone_text_alignment=\u00a0\u00bbdefault\u00a0\u00bb background_color_opacity=\u00a0\u00bb1&Prime; background_hover_color_opacity=\u00a0\u00bb1&Prime; column_backdrop_filter=\u00a0\u00bbnone\u00a0\u00bb column_shadow=\u00a0\u00bbnone\u00a0\u00bb column_border_radius=\u00a0\u00bbnone\u00a0\u00bb column_link_target=\u00a0\u00bb_self\u00a0\u00bb column_position=\u00a0\u00bbdefault\u00a0\u00bb gradient_direction=\u00a0\u00bbleft_to_right\u00a0\u00bb overlay_strength=\u00a0\u00bb0.3&Prime; width=\u00a0\u00bb1\/3&Prime; tablet_width_inherit=\u00a0\u00bbdefault\u00a0\u00bb animation_type=\u00a0\u00bbdefault\u00a0\u00bb bg_image_animation=\u00a0\u00bbnone\u00a0\u00bb border_type=\u00a0\u00bbsimple\u00a0\u00bb column_border_width=\u00a0\u00bbnone\u00a0\u00bb column_border_style=\u00a0\u00bbsolid\u00a0\u00bb][\/vc_column][\/vc_row][vc_row type=\u00a0\u00bbin_container\u00a0\u00bb full_screen_row_position=\u00a0\u00bbmiddle\u00a0\u00bb column_margin=\u00a0\u00bbdefault\u00a0\u00bb column_direction=\u00a0\u00bbdefault\u00a0\u00bb column_direction_tablet=\u00a0\u00bbdefault\u00a0\u00bb column_direction_phone=\u00a0\u00bbdefault\u00a0\u00bb scene_position=\u00a0\u00bbcenter\u00a0\u00bb text_color=\u00a0\u00bbdark\u00a0\u00bb text_align=\u00a0\u00bbleft\u00a0\u00bb row_border_radius=\u00a0\u00bbnone\u00a0\u00bb row_border_radius_applies=\u00a0\u00bbbg\u00a0\u00bb row_position_desktop=\u00a0\u00bbdefault\u00a0\u00bb row_position_tablet=\u00a0\u00bbinherit\u00a0\u00bb row_position_phone=\u00a0\u00bbinherit\u00a0\u00bb overflow=\u00a0\u00bbvisible\u00a0\u00bb overlay_strength=\u00a0\u00bb0.3&Prime; gradient_direction=\u00a0\u00bbleft_to_right\u00a0\u00bb shape_divider_position=\u00a0\u00bbbottom\u00a0\u00bb bg_image_animation=\u00a0\u00bbnone\u00a0\u00bb][vc_column column_padding=\u00a0\u00bbno-extra-padding\u00a0\u00bb column_padding_tablet=\u00a0\u00bbinherit\u00a0\u00bb column_padding_phone=\u00a0\u00bbinherit\u00a0\u00bb column_padding_position=\u00a0\u00bball\u00a0\u00bb flex_gap_desktop=\u00a0\u00bb10px\u00a0\u00bb column_element_direction_desktop=\u00a0\u00bbdefault\u00a0\u00bb column_element_spacing=\u00a0\u00bbdefault\u00a0\u00bb desktop_text_alignment=\u00a0\u00bbdefault\u00a0\u00bb tablet_text_alignment=\u00a0\u00bbdefault\u00a0\u00bb phone_text_alignment=\u00a0\u00bbdefault\u00a0\u00bb background_color_opacity=\u00a0\u00bb1&Prime; background_hover_color_opacity=\u00a0\u00bb1&Prime; column_backdrop_filter=\u00a0\u00bbnone\u00a0\u00bb column_shadow=\u00a0\u00bbnone\u00a0\u00bb column_border_radius=\u00a0\u00bbnone\u00a0\u00bb column_link_target=\u00a0\u00bb_self\u00a0\u00bb column_position=\u00a0\u00bbdefault\u00a0\u00bb gradient_direction=\u00a0\u00bbleft_to_right\u00a0\u00bb overlay_strength=\u00a0\u00bb0.3&Prime; width=\u00a0\u00bb1\/1&Prime; tablet_width_inherit=\u00a0\u00bbdefault\u00a0\u00bb animation_type=\u00a0\u00bbdefault\u00a0\u00bb bg_image_animation=\u00a0\u00bbnone\u00a0\u00bb border_type=\u00a0\u00bbsimple\u00a0\u00bb column_border_width=\u00a0\u00bbnone\u00a0\u00bb column_border_style=\u00a0\u00bbsolid\u00a0\u00bb][nectar_responsive_text inherited_font_style=\u00a0\u00bbp\u00a0\u00bb text_direction=\u00a0\u00bbdefault\u00a0\u00bb]\n<strong>Identification<\/strong><br \/>\nConform\u00e9ment au devoir d&rsquo;information pr\u00e9vu \u00e0 l&rsquo;article 10 de la Loi 34\/2002, du 11 juillet, sur les Services de la Soci\u00e9t\u00e9 de l&rsquo;Information et du Commerce \u00c9lectronique, LLOC DE MENORCA, SL (LLOC DE MENORCA), vous informe que les donn\u00e9es ici consign\u00e9es correspondent \u00e0 l&rsquo;entit\u00e9 titulaire du site web www.llocdemenorca.com.<\/p>\n<p><strong>D\u00e9nomination :<\/strong> LLOC DE MENORCA, SL<br \/>\n<strong>Adresse : <\/strong>CTRA. GENERAL KM. 8 \u2013 07730 \u2013 ALAIOR \u2013 MINORQUE \u2013 \u00ceLES BAL\u00c9ARES (ESPAGNE)<br \/>\n<strong>T\u00e9l\u00e9phone :<\/strong> +34 971372403<br \/>\n<strong>Email :<\/strong> info@llocdemenorca.com<br \/>\n<strong>N\u00b0 fiscal :<\/strong> B57137820<\/p>\n<p><strong>Propri\u00e9t\u00e9 intellectuelle et industrielle<\/strong><br \/>\nTous les droits de Propri\u00e9t\u00e9 Industrielle et Intellectuelle de l&rsquo;ensemble des \u00e9l\u00e9ments contenus dans ce site web, y compris les marques commerciales, formats, designs graphiques, textes, images et documents, appartiennent \u00e0 LLOC DE MENORCA, SL et sont prot\u00e9g\u00e9s par les lois espagnoles et internationales sur la propri\u00e9t\u00e9 intellectuelle et industrielle. La reproduction totale ou partielle de ce site Web et de tout son contenu sans l&rsquo;autorisation expresse et \u00e9crite de LLOC DE MENORCA, SL est express\u00e9ment interdite.<\/p>\n<p>L&rsquo;acc\u00e8s au site web n&rsquo;implique aucun type de renonciation, transmission, licence ou cession de droits de la part de LLOC DE MENORCA, SL, sauf indication expresse contraire.<\/p>\n<p><strong>Conditions d&rsquo;utilisation<\/strong><br \/>\nL&rsquo;acc\u00e8s \u00e0 ce site Web implique l&rsquo;acceptation sans r\u00e9serve de ces conditions d&rsquo;utilisation, qui r\u00e9gissent l&rsquo;acc\u00e8s et l&rsquo;utilisation de celui-ci afin de mettre \u00e0 la disposition des utilisateurs des informations sur nos produits.<\/p>\n<p>L&rsquo;utilisation des contenus de ce site Web \u00e0 des fins commerciales ou pour leur distribution, transformation ou communication est express\u00e9ment interdite.<br \/>\nLLOC DE MENORCA, SL, ne sera responsable d&rsquo;aucune cons\u00e9quence, dommage ou pr\u00e9judice pouvant d\u00e9couler de cette utilisation ou de l&rsquo;usage de l&rsquo;information.<\/p>\n<p>L&rsquo;acc\u00e8s \u00e0 ce site Web et l&rsquo;utilisation qui peut \u00eatre faite de l&rsquo;information qu&rsquo;il contient rel\u00e8vent de la responsabilit\u00e9 exclusive de la personne qui les r\u00e9alise.<\/p>\n<p>L&rsquo;utilisateur s&rsquo;engage \u00e0 ne pas utiliser l&rsquo;information publi\u00e9e sur ce site Web \u00e0 des fins ou effets illicites ou nuisibles, \u00e0 ne pas endommager ou d\u00e9sactiver l&rsquo;information et \u00e0 ne pas effectuer toute autre action qui pourrait \u00eatre contraire au contenu de cet Avis Juridique.<\/p>\n<p>LLOC DE MENORCA, SL ne peut garantir l&rsquo;absence d&rsquo;interruptions ou d&rsquo;erreurs dans l&rsquo;acc\u00e8s \u00e0 ce site Web, bien qu&rsquo;il mette tout en \u0153uvre pour les \u00e9viter.<\/p>\n<p><strong>Liens vers d&rsquo;autres sites web<\/strong><br \/>\nLes liens que vous pourriez trouver sur ce site Web sont un service rendu aux utilisateurs. Ces pages ne sont ni exploit\u00e9es ni contr\u00f4l\u00e9es par LLOC DE MENORCA, SL, qui d\u00e9cline donc toute responsabilit\u00e9 quant au contenu de ces sites Web, lesquels ne sont pas couverts par le pr\u00e9sent Avis Juridique. Si vous acc\u00e9dez \u00e0 ces pages Web, vous devez savoir que leurs politiques de confidentialit\u00e9 peuvent diff\u00e9rer de la n\u00f4tre.<\/p>\n<p><strong>L\u00e9gislation applicable et comp\u00e9tence juridictionnelle<\/strong><br \/>\nLe pr\u00e9sent Avis Juridique est r\u00e9gi par la l\u00e9gislation espagnole en vigueur qui lui est applicable.<\/p>\n<p>Pour la r\u00e9solution des litiges pouvant d\u00e9couler des dispositions du pr\u00e9sent document et de leur interpr\u00e9tation, application et ex\u00e9cution, l&rsquo;utilisateur, en vertu de l&rsquo;acceptation des conditions pr\u00e9vues dans le pr\u00e9sent Avis Juridique, renonce express\u00e9ment \u00e0 tout autre for qui pourrait lui correspondre.<\/p>\n<p>En tout \u00e9tat de cause, dans la juridiction espagnole, si la l\u00e9gislation permet de se soumettre \u00e0 un for sp\u00e9cifique, l&rsquo;utilisateur renonce express\u00e9ment au for qui pourrait lui correspondre et se soumet volontairement \u00e0 la juridiction des Tribunaux de MAH\u00d3N.<br \/>\n[\/nectar_responsive_text][\/vc_column][\/vc_row]\n","protected":false},"excerpt":{"rendered":"<p>[vc_row type=\u00a0\u00bbin_container\u00a0\u00bb full_screen_row_position=\u00a0\u00bbmiddle\u00a0\u00bb column_margin=\u00a0\u00bbdefault\u00a0\u00bb column_direction=\u00a0\u00bbdefault\u00a0\u00bb column_direction_tablet=\u00a0\u00bbdefault\u00a0\u00bb column_direction_phone=\u00a0\u00bbdefault\u00a0\u00bb scene_position=\u00a0\u00bbcenter\u00a0\u00bb top_padding=\u00a0\u00bb2%\u00a0\u00bb bottom_padding=\u00a0\u00bb1%\u00a0\u00bb constrain_group_2=\u00a0\u00bbyes\u00a0\u00bb top_padding_tablet=\u00a0\u00bb4%\u00a0\u00bb bottom_padding_tablet=\u00a0\u00bb3%\u00a0\u00bb constrain_group_4=\u00a0\u00bbyes\u00a0\u00bb constrain_group_6=\u00a0\u00bbyes\u00a0\u00bb text_color=\u00a0\u00bbdark\u00a0\u00bb text_align=\u00a0\u00bbleft\u00a0\u00bb row_border_radius=\u00a0\u00bbnone\u00a0\u00bb row_border_radius_applies=\u00a0\u00bbbg\u00a0\u00bb row_position_desktop=\u00a0\u00bbdefault\u00a0\u00bb row_position_tablet=\u00a0\u00bbinherit\u00a0\u00bb row_position_phone=\u00a0\u00bbinherit\u00a0\u00bb overflow=\u00a0\u00bbvisible\u00a0\u00bb overlay_strength=\u00a0\u00bb0.3&Prime; gradient_direction=\u00a0\u00bbleft_to_right\u00a0\u00bb shape_divider_position=\u00a0\u00bbbottom\u00a0\u00bb bg_image_animation=\u00a0\u00bbnone\u00a0\u00bb gradient_type=\u00a0\u00bbdefault\u00a0\u00bb shape_type=\u00a0\u00bb\u00a0\u00bb][vc_column column_padding=\u00a0\u00bbno-extra-padding\u00a0\u00bb&#8230;<\/p>\n","protected":false},"author":1,"featured_media":0,"parent":0,"menu_order":11,"comment_status":"closed","ping_status":"closed","template":"","meta":{"footnotes":""},"class_list":["post-2721","page","type-page","status-publish"],"_links":{"self":[{"href":"https:\/\/llocdemenorca.com\/fr\/wp-json\/wp\/v2\/pages\/2721","targetHints":{"allow":["GET"]}}],"collection":[{"href":"https:\/\/llocdemenorca.com\/fr\/wp-json\/wp\/v2\/pages"}],"about":[{"href":"https:\/\/llocdemenorca.com\/fr\/wp-json\/wp\/v2\/types\/page"}],"author":[{"embeddable":true,"href":"https:\/\/llocdemenorca.com\/fr\/wp-json\/wp\/v2\/users\/1"}],"replies":[{"embeddable":true,"href":"https:\/\/llocdemenorca.com\/fr\/wp-json\/wp\/v2\/comments?post=2721"}],"version-history":[{"count":3,"href":"https:\/\/llocdemenorca.com\/fr\/wp-json\/wp\/v2\/pages\/2721\/revisions"}],"predecessor-version":[{"id":3165,"href":"https:\/\/llocdemenorca.com\/fr\/wp-json\/wp\/v2\/pages\/2721\/revisions\/3165"}],"wp:attachment":[{"href":"https:\/\/llocdemenorca.com\/fr\/wp-json\/wp\/v2\/media?parent=2721"}],"curies":[{"name":"wp","href":"https:\/\/api.w.org\/{rel}","templated":true}]}}