{"id":2718,"date":"2026-02-19T10:58:18","date_gmt":"2026-02-19T10:58:18","guid":{"rendered":"http:\/\/llocdemenorca.com\/politique-de-confidentialite\/"},"modified":"2026-03-11T23:13:12","modified_gmt":"2026-03-11T23:13:12","slug":"politique-de-confidentialite","status":"publish","type":"page","link":"https:\/\/llocdemenorca.com\/fr\/politique-de-confidentialite\/","title":{"rendered":"Politique de Confidentialit\u00e9"},"content":{"rendered":"[vc_row type=\u00a0\u00bbin_container\u00a0\u00bb full_screen_row_position=\u00a0\u00bbmiddle\u00a0\u00bb column_margin=\u00a0\u00bbdefault\u00a0\u00bb column_direction=\u00a0\u00bbdefault\u00a0\u00bb column_direction_tablet=\u00a0\u00bbdefault\u00a0\u00bb column_direction_phone=\u00a0\u00bbdefault\u00a0\u00bb scene_position=\u00a0\u00bbcenter\u00a0\u00bb top_padding=\u00a0\u00bb2%\u00a0\u00bb bottom_padding=\u00a0\u00bb1%\u00a0\u00bb constrain_group_2=\u00a0\u00bbyes\u00a0\u00bb top_padding_tablet=\u00a0\u00bb4%\u00a0\u00bb bottom_padding_tablet=\u00a0\u00bb3%\u00a0\u00bb constrain_group_4=\u00a0\u00bbyes\u00a0\u00bb constrain_group_6=\u00a0\u00bbyes\u00a0\u00bb text_color=\u00a0\u00bbdark\u00a0\u00bb text_align=\u00a0\u00bbleft\u00a0\u00bb row_border_radius=\u00a0\u00bbnone\u00a0\u00bb row_border_radius_applies=\u00a0\u00bbbg\u00a0\u00bb row_position_desktop=\u00a0\u00bbdefault\u00a0\u00bb row_position_tablet=\u00a0\u00bbinherit\u00a0\u00bb row_position_phone=\u00a0\u00bbinherit\u00a0\u00bb overflow=\u00a0\u00bbvisible\u00a0\u00bb overlay_strength=\u00a0\u00bb0.3&Prime; gradient_direction=\u00a0\u00bbleft_to_right\u00a0\u00bb shape_divider_position=\u00a0\u00bbbottom\u00a0\u00bb bg_image_animation=\u00a0\u00bbnone\u00a0\u00bb gradient_type=\u00a0\u00bbdefault\u00a0\u00bb shape_type=\u00a0\u00bb\u00a0\u00bb][vc_column column_padding=\u00a0\u00bbno-extra-padding\u00a0\u00bb column_padding_tablet=\u00a0\u00bbinherit\u00a0\u00bb column_padding_phone=\u00a0\u00bbinherit\u00a0\u00bb column_padding_position=\u00a0\u00bball\u00a0\u00bb flex_gap_desktop=\u00a0\u00bb10px\u00a0\u00bb column_element_direction_desktop=\u00a0\u00bbdefault\u00a0\u00bb column_element_spacing=\u00a0\u00bbdefault\u00a0\u00bb desktop_text_alignment=\u00a0\u00bbdefault\u00a0\u00bb tablet_text_alignment=\u00a0\u00bbdefault\u00a0\u00bb phone_text_alignment=\u00a0\u00bbdefault\u00a0\u00bb background_color_opacity=\u00a0\u00bb1&Prime; background_hover_color_opacity=\u00a0\u00bb1&Prime; column_backdrop_filter=\u00a0\u00bbnone\u00a0\u00bb column_shadow=\u00a0\u00bbnone\u00a0\u00bb column_border_radius=\u00a0\u00bbnone\u00a0\u00bb column_link_target=\u00a0\u00bb_self\u00a0\u00bb column_position=\u00a0\u00bbdefault\u00a0\u00bb gradient_direction=\u00a0\u00bbleft_to_right\u00a0\u00bb overlay_strength=\u00a0\u00bb0.3&Prime; width=\u00a0\u00bb2\/3&Prime; tablet_width_inherit=\u00a0\u00bbdefault\u00a0\u00bb animation_type=\u00a0\u00bbdefault\u00a0\u00bb bg_image_animation=\u00a0\u00bbnone\u00a0\u00bb border_type=\u00a0\u00bbsimple\u00a0\u00bb column_border_width=\u00a0\u00bbnone\u00a0\u00bb column_border_style=\u00a0\u00bbsolid\u00a0\u00bb][split_line_heading line_reveal_by_space_text_effect=\u00a0\u00bbnone\u00a0\u00bb font_style=\u00a0\u00bbh1&Prime; text_color=\u00a0\u00bb#000000&Prime; stagger_animation=\u00a0\u00bbtrue\u00a0\u00bb content_alignment=\u00a0\u00bbdefault\u00a0\u00bb mobile_content_alignment=\u00a0\u00bbinherit\u00a0\u00bb animation_type=\u00a0\u00bbline-reveal-by-space\u00a0\u00bb link_target=\u00a0\u00bb_self\u00a0\u00bb text_content=\u00a0\u00bbPolitique de Confidentialitxc3xa9&Prime; text_direction=\u00a0\u00bbdefault\u00a0\u00bb font_size=\u00a0\u00bb3vw\u00a0\u00bb font_size_phone=\u00a0\u00bb5.5vw\u00a0\u00bb]us[\/split_line_heading][\/vc_column][vc_column column_padding=\u00a0\u00bbno-extra-padding\u00a0\u00bb column_padding_tablet=\u00a0\u00bbinherit\u00a0\u00bb column_padding_phone=\u00a0\u00bbinherit\u00a0\u00bb column_padding_position=\u00a0\u00bball\u00a0\u00bb flex_gap_desktop=\u00a0\u00bb10px\u00a0\u00bb column_element_direction_desktop=\u00a0\u00bbdefault\u00a0\u00bb column_element_spacing=\u00a0\u00bbdefault\u00a0\u00bb desktop_text_alignment=\u00a0\u00bbdefault\u00a0\u00bb tablet_text_alignment=\u00a0\u00bbdefault\u00a0\u00bb phone_text_alignment=\u00a0\u00bbdefault\u00a0\u00bb background_color_opacity=\u00a0\u00bb1&Prime; background_hover_color_opacity=\u00a0\u00bb1&Prime; column_backdrop_filter=\u00a0\u00bbnone\u00a0\u00bb column_shadow=\u00a0\u00bbnone\u00a0\u00bb column_border_radius=\u00a0\u00bbnone\u00a0\u00bb column_link_target=\u00a0\u00bb_self\u00a0\u00bb column_position=\u00a0\u00bbdefault\u00a0\u00bb gradient_direction=\u00a0\u00bbleft_to_right\u00a0\u00bb overlay_strength=\u00a0\u00bb0.3&Prime; width=\u00a0\u00bb1\/3&Prime; tablet_width_inherit=\u00a0\u00bbdefault\u00a0\u00bb animation_type=\u00a0\u00bbdefault\u00a0\u00bb bg_image_animation=\u00a0\u00bbnone\u00a0\u00bb border_type=\u00a0\u00bbsimple\u00a0\u00bb column_border_width=\u00a0\u00bbnone\u00a0\u00bb column_border_style=\u00a0\u00bbsolid\u00a0\u00bb][\/vc_column][\/vc_row][vc_row type=\u00a0\u00bbin_container\u00a0\u00bb full_screen_row_position=\u00a0\u00bbmiddle\u00a0\u00bb column_margin=\u00a0\u00bbdefault\u00a0\u00bb column_direction=\u00a0\u00bbdefault\u00a0\u00bb column_direction_tablet=\u00a0\u00bbdefault\u00a0\u00bb column_direction_phone=\u00a0\u00bbdefault\u00a0\u00bb scene_position=\u00a0\u00bbcenter\u00a0\u00bb text_color=\u00a0\u00bbdark\u00a0\u00bb text_align=\u00a0\u00bbleft\u00a0\u00bb row_border_radius=\u00a0\u00bbnone\u00a0\u00bb row_border_radius_applies=\u00a0\u00bbbg\u00a0\u00bb row_position_desktop=\u00a0\u00bbdefault\u00a0\u00bb row_position_tablet=\u00a0\u00bbinherit\u00a0\u00bb row_position_phone=\u00a0\u00bbinherit\u00a0\u00bb overflow=\u00a0\u00bbvisible\u00a0\u00bb overlay_strength=\u00a0\u00bb0.3&Prime; gradient_direction=\u00a0\u00bbleft_to_right\u00a0\u00bb shape_divider_position=\u00a0\u00bbbottom\u00a0\u00bb bg_image_animation=\u00a0\u00bbnone\u00a0\u00bb][vc_column column_padding=\u00a0\u00bbno-extra-padding\u00a0\u00bb column_padding_tablet=\u00a0\u00bbinherit\u00a0\u00bb column_padding_phone=\u00a0\u00bbinherit\u00a0\u00bb column_padding_position=\u00a0\u00bball\u00a0\u00bb flex_gap_desktop=\u00a0\u00bb10px\u00a0\u00bb column_element_direction_desktop=\u00a0\u00bbdefault\u00a0\u00bb column_element_spacing=\u00a0\u00bbdefault\u00a0\u00bb desktop_text_alignment=\u00a0\u00bbdefault\u00a0\u00bb tablet_text_alignment=\u00a0\u00bbdefault\u00a0\u00bb phone_text_alignment=\u00a0\u00bbdefault\u00a0\u00bb background_color_opacity=\u00a0\u00bb1&Prime; background_hover_color_opacity=\u00a0\u00bb1&Prime; column_backdrop_filter=\u00a0\u00bbnone\u00a0\u00bb column_shadow=\u00a0\u00bbnone\u00a0\u00bb column_border_radius=\u00a0\u00bbnone\u00a0\u00bb column_link_target=\u00a0\u00bb_self\u00a0\u00bb column_position=\u00a0\u00bbdefault\u00a0\u00bb gradient_direction=\u00a0\u00bbleft_to_right\u00a0\u00bb overlay_strength=\u00a0\u00bb0.3&Prime; width=\u00a0\u00bb1\/1&Prime; tablet_width_inherit=\u00a0\u00bbdefault\u00a0\u00bb animation_type=\u00a0\u00bbdefault\u00a0\u00bb bg_image_animation=\u00a0\u00bbnone\u00a0\u00bb border_type=\u00a0\u00bbsimple\u00a0\u00bb column_border_width=\u00a0\u00bbnone\u00a0\u00bb column_border_style=\u00a0\u00bbsolid\u00a0\u00bb][nectar_responsive_text inherited_font_style=\u00a0\u00bbp\u00a0\u00bb text_direction=\u00a0\u00bbdefault\u00a0\u00bb]\nConform\u00e9ment au R\u00c8GLEMENT (UE) 2016\/679 DU PARLEMENT EUROP\u00c9EN ET DU CONSEIL du 27 avril 2016, relatif \u00e0 la protection des personnes physiques \u00e0 l&rsquo;\u00e9gard du traitement des donn\u00e9es \u00e0 caract\u00e8re personnel et \u00e0 la libre circulation de ces donn\u00e9es, et \u00e0 la Loi Organique 3\/2018, du 5 d\u00e9cembre, sur la Protection des Donn\u00e9es Personnelles et la garantie des droits num\u00e9riques, vous \u00eates inform\u00e9 que les donn\u00e9es personnelles fournies par vous via le site web www.llocdemenorca.com (ci-apr\u00e8s le site web), seront trait\u00e9es selon les termes suivants :<\/p>\n<p><strong>Responsable du traitement<\/strong><br \/>\nLes donn\u00e9es personnelles collect\u00e9es via ce site web seront trait\u00e9es par LLOC DE MENORCA, SL, avec domicile pour l&rsquo;exercice des droits \u00e0 CTRA. GENERAL, KM. 8 \u2013 07730 L&rsquo;ARGENTINA \u2013 ALAIOR (\u00celes Bal\u00e9ares). Email : info@llocdemenorca.com<\/p>\n<p><strong>Finalit\u00e9s du traitement<\/strong><br \/>\n<strong>&#8211;<\/strong> Vous informer sur nos produits et services, lorsque vous le demandez via les formulaires du site web ou par courrier \u00e9lectronique.<br \/>\n<strong>&#8211;<\/strong> R\u00e9pondre \u00e0 et g\u00e9rer vos consultations, commentaires et suggestions, le cas \u00e9ch\u00e9ant.<br \/>\n<strong>&#8211;<\/strong> G\u00e9rer votre participation \u00e0 des processus de s\u00e9lection pr\u00e9sents et futurs, lorsque vous nous faites parvenir vos donn\u00e9es (y compris votre CV) \u00e0 cette fin.<br \/>\n<strong>&#8211;<\/strong> G\u00e9rer votre commande, si vous passez une commande via le site web.<br \/>\n<strong>&#8211;<\/strong> Afin d&rsquo;obtenir des informations sur l&rsquo;utilisation du site web, le nombre de pages visit\u00e9es, le nombre de visites, ainsi que l&rsquo;activit\u00e9 des visiteurs et leur fr\u00e9quence d&rsquo;utilisation sont analys\u00e9s.<br \/>\n<strong>&#8211;<\/strong> \u00c0 ces fins, le RESPONSABLE utilise des informations statistiques \u00e9labor\u00e9es par le Fournisseur de Services Internet qui ne permettent en aucun cas d&rsquo;identifier la personne concern\u00e9e.<\/p>\n<p><strong>Base juridique<\/strong><br \/>\n<strong>&#8211; Consentement.<\/strong> Les donn\u00e9es personnelles obtenues via les formulaires du site web ne seront trait\u00e9es que sur la base du consentement donn\u00e9 par la personne concern\u00e9e, en acceptant la case pr\u00e9vue \u00e0 cet effet. Ce consentement peut \u00eatre retir\u00e9 \u00e0 tout moment.<br \/>\n<strong>&#8211; Int\u00e9r\u00eat l\u00e9gitime du responsable.<\/strong> Les informations statistiques obtenues du site web seront trait\u00e9es sur la base de l&rsquo;int\u00e9r\u00eat l\u00e9gitime du responsable. Ces informations ne permettent pas d&rsquo;identifier l&rsquo;utilisateur.<br \/>\n<strong>&#8211; Ex\u00e9cution d&rsquo;un contrat.<\/strong> Le traitement effectu\u00e9 pour la gestion des commandes pass\u00e9es via la boutique en ligne est bas\u00e9 sur l&rsquo;ex\u00e9cution d&rsquo;un contrat dont la personne concern\u00e9e est partie ou pour l&rsquo;application \u00e0 sa demande de mesures pr\u00e9contractuelles.<\/p>\n<p><strong>Destinataires<\/strong><br \/>\nLes donn\u00e9es personnelles obtenues via le site web pourront \u00eatre communiqu\u00e9es \u00e0 l&rsquo;entit\u00e9 financi\u00e8re correspondante lorsque cela sera n\u00e9cessaire pour g\u00e9rer le paiement des commandes effectu\u00e9es, ainsi qu&rsquo;\u00e0 l&rsquo;entreprise de messagerie, lorsque cela sera n\u00e9cessaire.<\/p>\n<p><strong>Conservation<\/strong><br \/>\nLes donn\u00e9es personnelles fournies par l&rsquo;utilisateur pour recevoir des communications commerciales seront conserv\u00e9es tant que la personne concern\u00e9e n&rsquo;en demandera pas la suppression ou ne retirera pas son consentement.<\/p>\n<p>Lorsque l&rsquo;utilisateur envoie ses donn\u00e9es personnelles pour participer \u00e0 des processus de s\u00e9lection du RESPONSABLE, les donn\u00e9es seront trait\u00e9es pour participer aux processus de s\u00e9lection en cours et, s&rsquo;il n&rsquo;est pas s\u00e9lectionn\u00e9, ses donn\u00e9es personnelles seront conserv\u00e9es pendant une p\u00e9riode de deux ans afin de pouvoir compter sur sa participation \u00e0 de futurs processus.<\/p>\n<p>Lorsque l&rsquo;utilisateur envoie ses donn\u00e9es pour contacter le RESPONSABLE, faire des consultations ou des suggestions, les donn\u00e9es seront conserv\u00e9es aussi longtemps que n\u00e9cessaire \u00e0 cette fin et que des responsabilit\u00e9s puissent d\u00e9couler du traitement.<\/p>\n<p>Donn\u00e9es de trafic, statistiques et visites web : les donn\u00e9es seront conserv\u00e9es pendant une p\u00e9riode de trois ans.<\/p>\n<p><strong>Droits<\/strong><br \/>\nVous pouvez exercer vos droits d&rsquo;acc\u00e8s, de rectification, de suppression et de portabilit\u00e9 de vos donn\u00e9es et de limitation et d&rsquo;opposition \u00e0 leur traitement, par \u00e9crit accompagn\u00e9 d&rsquo;un document officiel vous identifiant adress\u00e9 \u00e0 CTRA. GENERAL, KM. 8 \u2013 07730 L&rsquo;ARGENTINA \u2013 ALAIOR (\u00celes Bal\u00e9ares). Email : info@llocdemenorca.com. En cas de d\u00e9saccord avec le traitement, vous avez \u00e9galement le droit de d\u00e9poser une r\u00e9clamation aupr\u00e8s de l&rsquo;Agence Espagnole de Protection des Donn\u00e9es (www.aepd.es).<\/p>\n<p><strong>Politique de protection des mineurs<\/strong><br \/>\nToute personne qui fournit des donn\u00e9es via les formulaires de ce site Web et accepte le traitement d\u00e9clare formellement \u00eatre majeure (plus de 18 ans).<\/p>\n<p>L&rsquo;acc\u00e8s et l&rsquo;utilisation du portail par les mineurs de moins de 18 ans sont interdits.<\/p>\n<p>Le RESPONSABLE rappelle aux personnes majeures ayant des mineurs \u00e0 leur charge que ce sera de leur responsabilit\u00e9 exclusive si un mineur incorpore ses donn\u00e9es pour solliciter un produit.<\/p>\n<p>Ils sont \u00e9galement inform\u00e9s qu&rsquo;il existe des programmes informatiques permettant de limiter la navigation en filtrant ou bloquant certains contenus.<\/p>\n<p><strong>Traitement d\u00e9riv\u00e9 de l&rsquo;utilisation des r\u00e9seaux sociaux<\/strong><br \/>\nEn suivant notre profil sur les r\u00e9seaux sociaux, vous consentez express\u00e9ment au traitement de vos donn\u00e9es personnelles conform\u00e9ment \u00e0 la politique de confidentialit\u00e9 du r\u00e9seau social correspondant. Vous consentez \u00e9galement express\u00e9ment \u00e0 ce que le RESPONSABLE acc\u00e8de au traitement des donn\u00e9es contenues dans votre profil et \u00e0 ce que les informations publi\u00e9es sur tout produit du RESPONSABLE apparaissent sur votre mur. Votre demande de connexion implique n\u00e9cessairement votre consentement aux traitements susmentionn\u00e9s, ceci constituant la base juridique du traitement. Les donn\u00e9es seront conserv\u00e9es tant que la personne concern\u00e9e ne demandera pas l&rsquo;opposition ou ne retirera pas son consentement, lequel peut \u00eatre retir\u00e9 \u00e0 tout moment.<\/p>\n<p>La publication de commentaires et de contenus sur les r\u00e9seaux sociaux deviendra une information publique, les utilisateurs devront donc faire preuve d&rsquo;une prudence particuli\u00e8re lorsqu&rsquo;ils d\u00e9cideront de partager leurs informations personnelles. Le RESPONSABLE n&rsquo;est pas responsable des informations que les utilisateurs incorporent sur la page. Toutefois, les personnes dont les donn\u00e9es personnelles sont publi\u00e9es ou incluses dans des commentaires peuvent demander au RESPONSABLE leur suppression.<br \/>\n[\/nectar_responsive_text][\/vc_column][\/vc_row]\n","protected":false},"excerpt":{"rendered":"<p>[vc_row type=\u00a0\u00bbin_container\u00a0\u00bb full_screen_row_position=\u00a0\u00bbmiddle\u00a0\u00bb column_margin=\u00a0\u00bbdefault\u00a0\u00bb column_direction=\u00a0\u00bbdefault\u00a0\u00bb column_direction_tablet=\u00a0\u00bbdefault\u00a0\u00bb column_direction_phone=\u00a0\u00bbdefault\u00a0\u00bb scene_position=\u00a0\u00bbcenter\u00a0\u00bb top_padding=\u00a0\u00bb2%\u00a0\u00bb bottom_padding=\u00a0\u00bb1%\u00a0\u00bb constrain_group_2=\u00a0\u00bbyes\u00a0\u00bb top_padding_tablet=\u00a0\u00bb4%\u00a0\u00bb bottom_padding_tablet=\u00a0\u00bb3%\u00a0\u00bb constrain_group_4=\u00a0\u00bbyes\u00a0\u00bb constrain_group_6=\u00a0\u00bbyes\u00a0\u00bb text_color=\u00a0\u00bbdark\u00a0\u00bb text_align=\u00a0\u00bbleft\u00a0\u00bb row_border_radius=\u00a0\u00bbnone\u00a0\u00bb row_border_radius_applies=\u00a0\u00bbbg\u00a0\u00bb row_position_desktop=\u00a0\u00bbdefault\u00a0\u00bb row_position_tablet=\u00a0\u00bbinherit\u00a0\u00bb row_position_phone=\u00a0\u00bbinherit\u00a0\u00bb overflow=\u00a0\u00bbvisible\u00a0\u00bb overlay_strength=\u00a0\u00bb0.3&Prime; gradient_direction=\u00a0\u00bbleft_to_right\u00a0\u00bb shape_divider_position=\u00a0\u00bbbottom\u00a0\u00bb bg_image_animation=\u00a0\u00bbnone\u00a0\u00bb gradient_type=\u00a0\u00bbdefault\u00a0\u00bb shape_type=\u00a0\u00bb\u00a0\u00bb][vc_column column_padding=\u00a0\u00bbno-extra-padding\u00a0\u00bb&#8230;<\/p>\n","protected":false},"author":1,"featured_media":0,"parent":0,"menu_order":10,"comment_status":"closed","ping_status":"closed","template":"","meta":{"footnotes":""},"class_list":["post-2718","page","type-page","status-publish"],"_links":{"self":[{"href":"https:\/\/llocdemenorca.com\/fr\/wp-json\/wp\/v2\/pages\/2718","targetHints":{"allow":["GET"]}}],"collection":[{"href":"https:\/\/llocdemenorca.com\/fr\/wp-json\/wp\/v2\/pages"}],"about":[{"href":"https:\/\/llocdemenorca.com\/fr\/wp-json\/wp\/v2\/types\/page"}],"author":[{"embeddable":true,"href":"https:\/\/llocdemenorca.com\/fr\/wp-json\/wp\/v2\/users\/1"}],"replies":[{"embeddable":true,"href":"https:\/\/llocdemenorca.com\/fr\/wp-json\/wp\/v2\/comments?post=2718"}],"version-history":[{"count":3,"href":"https:\/\/llocdemenorca.com\/fr\/wp-json\/wp\/v2\/pages\/2718\/revisions"}],"predecessor-version":[{"id":3171,"href":"https:\/\/llocdemenorca.com\/fr\/wp-json\/wp\/v2\/pages\/2718\/revisions\/3171"}],"wp:attachment":[{"href":"https:\/\/llocdemenorca.com\/fr\/wp-json\/wp\/v2\/media?parent=2718"}],"curies":[{"name":"wp","href":"https:\/\/api.w.org\/{rel}","templated":true}]}}