{"id":2643,"date":"2026-03-11T19:18:43","date_gmt":"2026-03-11T19:18:43","guid":{"rendered":"http:\/\/llocdemenorca.com\/servicios\/snack-bar-2\/"},"modified":"2026-03-11T21:56:32","modified_gmt":"2026-03-11T21:56:32","slug":"snack-bar-2","status":"publish","type":"page","link":"https:\/\/llocdemenorca.com\/fr\/services\/snack-bar-2\/","title":{"rendered":"Snack-bar"},"content":{"rendered":"[vc_row type=\u00a0\u00bbfull_width_content\u00a0\u00bb full_screen_row_position=\u00a0\u00bbmiddle\u00a0\u00bb column_margin=\u00a0\u00bbnone\u00a0\u00bb equal_height=\u00a0\u00bbyes\u00a0\u00bb content_placement=\u00a0\u00bbtop\u00a0\u00bb column_direction=\u00a0\u00bbdefault\u00a0\u00bb column_direction_tablet=\u00a0\u00bbdefault\u00a0\u00bb bg_color=\u00a0\u00bb#EB891A63&Prime; scene_position=\u00a0\u00bbcenter\u00a0\u00bb top_padding=\u00a0\u00bb5%\u00a0\u00bb bottom_padding=\u00a0\u00bb5%\u00a0\u00bb text_color=\u00a0\u00bbdark\u00a0\u00bb text_align=\u00a0\u00bbleft\u00a0\u00bb row_border_radius=\u00a0\u00bbnone\u00a0\u00bb row_border_radius_applies=\u00a0\u00bbbg\u00a0\u00bb row_position_desktop=\u00a0\u00bbdefault\u00a0\u00bb row_position_tablet=\u00a0\u00bbinherit\u00a0\u00bb row_position_phone=\u00a0\u00bbinherit\u00a0\u00bb overflow=\u00a0\u00bbhidden\u00a0\u00bb overlay_strength=\u00a0\u00bb0.3&Prime; gradient_direction=\u00a0\u00bbleft_to_right\u00a0\u00bb shape_divider_position=\u00a0\u00bbbottom\u00a0\u00bb bg_image_animation=\u00a0\u00bbnone\u00a0\u00bb gradient_type=\u00a0\u00bbdefault\u00a0\u00bb shape_type=\u00a0\u00bb\u00a0\u00bb][vc_column column_padding=\u00a0\u00bbpadding-3-percent\u00a0\u00bb column_padding_tablet=\u00a0\u00bbinherit\u00a0\u00bb column_padding_phone=\u00a0\u00bbpadding-1-percent\u00a0\u00bb column_padding_position=\u00a0\u00bball\u00a0\u00bb column_element_direction_desktop=\u00a0\u00bbdefault\u00a0\u00bb column_element_spacing=\u00a0\u00bb0px\u00a0\u00bb desktop_text_alignment=\u00a0\u00bbdefault\u00a0\u00bb tablet_text_alignment=\u00a0\u00bbdefault\u00a0\u00bb phone_text_alignment=\u00a0\u00bbdefault\u00a0\u00bb background_color_opacity=\u00a0\u00bb1&Prime; background_hover_color_opacity=\u00a0\u00bb1&Prime; column_backdrop_filter=\u00a0\u00bbnone\u00a0\u00bb column_shadow=\u00a0\u00bbnone\u00a0\u00bb column_border_radius=\u00a0\u00bbnone\u00a0\u00bb column_link_target=\u00a0\u00bb_self\u00a0\u00bb column_position=\u00a0\u00bbrelative\u00a0\u00bb advanced_gradient_angle=\u00a0\u00bb180&Prime; width=\u00a0\u00bb1\/2&Prime; tablet_width_inherit=\u00a0\u00bbdefault\u00a0\u00bb animation_type=\u00a0\u00bbdefault\u00a0\u00bb bg_image_animation=\u00a0\u00bbnone\u00a0\u00bb border_type=\u00a0\u00bbsimple\u00a0\u00bb column_border_width=\u00a0\u00bbnone\u00a0\u00bb column_border_style=\u00a0\u00bbsolid\u00a0\u00bb gradient_type=\u00a0\u00bbadvanced\u00a0\u00bb advanced_gradient_display_type=\u00a0\u00bblinear\u00a0\u00bb column_padding_type=\u00a0\u00bbdefault\u00a0\u00bb content_layout=\u00a0\u00bbdefault\u00a0\u00bb][carousel script=\u00a0\u00bbflickity\u00a0\u00bb flickity_formatting=\u00a0\u00bbdefault\u00a0\u00bb desktop_cols_flickity=\u00a0\u00bb1&Prime; desktop_small_cols_flickity=\u00a0\u00bb1&Prime; tablet_cols_flickity=\u00a0\u00bb1&Prime; phone_cols_flickity=\u00a0\u00bb1&Prime; flickity_controls=\u00a0\u00bbnext_prev_arrows_overlaid\u00a0\u00bb color=\u00a0\u00bbdefault\u00a0\u00bb flickity_overflow=\u00a0\u00bbhidden\u00a0\u00bb flickity_wrap_around=\u00a0\u00bbwrap\u00a0\u00bb flickity_spacing=\u00a0\u00bbdefault\u00a0\u00bb flickity_column_vertical_alignment=\u00a0\u00bbdefault\u00a0\u00bb column_padding=\u00a0\u00bb0&Prime; flickity_element_spacing=\u00a0\u00bbdefault\u00a0\u00bb border_radius=\u00a0\u00bb10px\u00a0\u00bb autorotate=\u00a0\u00bbtrue\u00a0\u00bb autorotate_type=\u00a0\u00bbdefault\u00a0\u00bb][item simple_slider_bg_image_position=\u00a0\u00bbdefault\u00a0\u00bb simple_slider_overlay_strength=\u00a0\u00bb0.3&Prime; simple_slider_bg_image_loading=\u00a0\u00bbdefault\u00a0\u00bb flickity_bg_image_loading=\u00a0\u00bbdefault\u00a0\u00bb flex_gap_desktop=\u00a0\u00bb10px\u00a0\u00bb flickity_item_link_type=\u00a0\u00bbregular\u00a0\u00bb id=\u00a0\u00bb1773256723-0&Prime; tab_id=\u00a0\u00bb1773256723-10&Prime; title=\u00a0\u00bbElemento\u00a0\u00bb][image_with_animation image_url=\u00a0\u00bb1851&Prime; image_size=\u00a0\u00bbfull\u00a0\u00bb max_width=\u00a0\u00bb100%\u00a0\u00bb max_width_mobile=\u00a0\u00bbdefault\u00a0\u00bb animation_type=\u00a0\u00bbentrance\u00a0\u00bb animation=\u00a0\u00bbNone\u00a0\u00bb animation_movement_type=\u00a0\u00bbtransform_y\u00a0\u00bb hover_animation=\u00a0\u00bbnone\u00a0\u00bb alignment=\u00a0\u00bb\u00a0\u00bb border_radius=\u00a0\u00bbnone\u00a0\u00bb box_shadow=\u00a0\u00bbnone\u00a0\u00bb image_loading=\u00a0\u00bbdefault\u00a0\u00bb][\/item][item simple_slider_bg_image_position=\u00a0\u00bbdefault\u00a0\u00bb simple_slider_overlay_strength=\u00a0\u00bb0.3&Prime; simple_slider_bg_image_loading=\u00a0\u00bbdefault\u00a0\u00bb flickity_bg_image_loading=\u00a0\u00bbdefault\u00a0\u00bb flex_gap_desktop=\u00a0\u00bb10px\u00a0\u00bb flickity_item_link_type=\u00a0\u00bbregular\u00a0\u00bb id=\u00a0\u00bb1773256723-1&Prime; tab_id=\u00a0\u00bb1773256723-11&Prime; title=\u00a0\u00bbElemento\u00a0\u00bb][image_with_animation image_url=\u00a0\u00bb1850&Prime; image_size=\u00a0\u00bbfull\u00a0\u00bb max_width=\u00a0\u00bb100%\u00a0\u00bb max_width_mobile=\u00a0\u00bbdefault\u00a0\u00bb animation_type=\u00a0\u00bbentrance\u00a0\u00bb animation=\u00a0\u00bbNone\u00a0\u00bb animation_movement_type=\u00a0\u00bbtransform_y\u00a0\u00bb hover_animation=\u00a0\u00bbnone\u00a0\u00bb alignment=\u00a0\u00bb\u00a0\u00bb border_radius=\u00a0\u00bbnone\u00a0\u00bb box_shadow=\u00a0\u00bbnone\u00a0\u00bb image_loading=\u00a0\u00bbdefault\u00a0\u00bb][\/item][item simple_slider_bg_image_position=\u00a0\u00bbdefault\u00a0\u00bb simple_slider_overlay_strength=\u00a0\u00bb0.3&Prime; simple_slider_bg_image_loading=\u00a0\u00bbdefault\u00a0\u00bb flickity_bg_image_loading=\u00a0\u00bbdefault\u00a0\u00bb flex_gap_desktop=\u00a0\u00bb10px\u00a0\u00bb flickity_item_link_type=\u00a0\u00bbregular\u00a0\u00bb id=\u00a0\u00bb1773256723-2&Prime; tab_id=\u00a0\u00bb1773256723-12&Prime; title=\u00a0\u00bbElemento\u00a0\u00bb][image_with_animation image_url=\u00a0\u00bb1849&Prime; image_size=\u00a0\u00bbfull\u00a0\u00bb max_width=\u00a0\u00bb100%\u00a0\u00bb max_width_mobile=\u00a0\u00bbdefault\u00a0\u00bb animation_type=\u00a0\u00bbentrance\u00a0\u00bb animation=\u00a0\u00bbNone\u00a0\u00bb animation_movement_type=\u00a0\u00bbtransform_y\u00a0\u00bb hover_animation=\u00a0\u00bbnone\u00a0\u00bb alignment=\u00a0\u00bb\u00a0\u00bb border_radius=\u00a0\u00bbnone\u00a0\u00bb box_shadow=\u00a0\u00bbnone\u00a0\u00bb image_loading=\u00a0\u00bbdefault\u00a0\u00bb][\/item][item simple_slider_bg_image_position=\u00a0\u00bbdefault\u00a0\u00bb simple_slider_overlay_strength=\u00a0\u00bb0.3&Prime; simple_slider_bg_image_loading=\u00a0\u00bbdefault\u00a0\u00bb flickity_bg_image_loading=\u00a0\u00bbdefault\u00a0\u00bb flex_gap_desktop=\u00a0\u00bb10px\u00a0\u00bb flickity_item_link_type=\u00a0\u00bbregular\u00a0\u00bb id=\u00a0\u00bb1773256723-3&Prime; tab_id=\u00a0\u00bb1773256723-13&Prime; title=\u00a0\u00bbElemento\u00a0\u00bb][image_with_animation image_url=\u00a0\u00bb1848&Prime; image_size=\u00a0\u00bbfull\u00a0\u00bb max_width=\u00a0\u00bb100%\u00a0\u00bb max_width_mobile=\u00a0\u00bbdefault\u00a0\u00bb animation_type=\u00a0\u00bbentrance\u00a0\u00bb animation=\u00a0\u00bbNone\u00a0\u00bb animation_movement_type=\u00a0\u00bbtransform_y\u00a0\u00bb hover_animation=\u00a0\u00bbnone\u00a0\u00bb alignment=\u00a0\u00bb\u00a0\u00bb border_radius=\u00a0\u00bbnone\u00a0\u00bb box_shadow=\u00a0\u00bbnone\u00a0\u00bb image_loading=\u00a0\u00bbdefault\u00a0\u00bb][\/item][\/carousel][\/vc_column][vc_column left_padding_desktop=\u00a0\u00bb5%\u00a0\u00bb constrain_group_101=\u00a0\u00bbyes\u00a0\u00bb right_padding_desktop=\u00a0\u00bb5%\u00a0\u00bb column_element_direction_desktop=\u00a0\u00bbdefault\u00a0\u00bb column_element_spacing=\u00a0\u00bbdefault\u00a0\u00bb desktop_text_alignment=\u00a0\u00bbdefault\u00a0\u00bb tablet_text_alignment=\u00a0\u00bbdefault\u00a0\u00bb phone_text_alignment=\u00a0\u00bbdefault\u00a0\u00bb background_color_opacity=\u00a0\u00bb1&Prime; background_hover_color_opacity=\u00a0\u00bb1&Prime; column_backdrop_filter=\u00a0\u00bbnone\u00a0\u00bb column_shadow=\u00a0\u00bbnone\u00a0\u00bb column_border_radius=\u00a0\u00bbnone\u00a0\u00bb column_link_target=\u00a0\u00bb_self\u00a0\u00bb column_position=\u00a0\u00bbdefault\u00a0\u00bb advanced_gradient_angle=\u00a0\u00bb0&Prime; gradient_direction=\u00a0\u00bbleft_to_right\u00a0\u00bb overlay_strength=\u00a0\u00bb0.8&Prime; width=\u00a0\u00bb1\/2&Prime; tablet_width_inherit=\u00a0\u00bbdefault\u00a0\u00bb animation_type=\u00a0\u00bbdefault\u00a0\u00bb bg_image_animation=\u00a0\u00bbnone\u00a0\u00bb border_type=\u00a0\u00bbsimple\u00a0\u00bb column_border_width=\u00a0\u00bbnone\u00a0\u00bb column_border_style=\u00a0\u00bbsolid\u00a0\u00bb gradient_type=\u00a0\u00bbdefault\u00a0\u00bb column_padding_type=\u00a0\u00bbadvanced\u00a0\u00bb content_layout=\u00a0\u00bbdefault\u00a0\u00bb][vc_row_inner column_margin=\u00a0\u00bbnone\u00a0\u00bb column_direction=\u00a0\u00bbdefault\u00a0\u00bb column_direction_tablet=\u00a0\u00bbdefault\u00a0\u00bb column_direction_phone=\u00a0\u00bbdefault\u00a0\u00bb right_padding_desktop=\u00a0\u00bb10%\u00a0\u00bb top_padding_tablet=\u00a0\u00bb8%\u00a0\u00bb text_align=\u00a0\u00bbleft\u00a0\u00bb row_position=\u00a0\u00bbdefault\u00a0\u00bb row_position_tablet=\u00a0\u00bbinherit\u00a0\u00bb row_position_phone=\u00a0\u00bbinherit\u00a0\u00bb overflow=\u00a0\u00bbvisible\u00a0\u00bb pointer_events=\u00a0\u00bball\u00a0\u00bb][vc_column_inner column_padding=\u00a0\u00bbno-extra-padding\u00a0\u00bb column_padding_tablet=\u00a0\u00bbinherit\u00a0\u00bb column_padding_phone=\u00a0\u00bbinherit\u00a0\u00bb column_padding_position=\u00a0\u00bball\u00a0\u00bb flex_gap_desktop=\u00a0\u00bb10px\u00a0\u00bb column_element_direction_desktop=\u00a0\u00bbdefault\u00a0\u00bb column_element_spacing=\u00a0\u00bb0px\u00a0\u00bb desktop_text_alignment=\u00a0\u00bbdefault\u00a0\u00bb tablet_text_alignment=\u00a0\u00bbdefault\u00a0\u00bb phone_text_alignment=\u00a0\u00bbdefault\u00a0\u00bb background_color_opacity=\u00a0\u00bb1&Prime; background_hover_color_opacity=\u00a0\u00bb1&Prime; column_backdrop_filter=\u00a0\u00bbnone\u00a0\u00bb column_shadow=\u00a0\u00bbnone\u00a0\u00bb column_border_radius=\u00a0\u00bbnone\u00a0\u00bb column_link_target=\u00a0\u00bb_self\u00a0\u00bb overflow=\u00a0\u00bbvisible\u00a0\u00bb advanced_gradient_angle=\u00a0\u00bb0&Prime; gradient_direction=\u00a0\u00bbleft_to_right\u00a0\u00bb overlay_strength=\u00a0\u00bb0.3&Prime; width=\u00a0\u00bb1\/1&Prime; tablet_width_inherit=\u00a0\u00bbdefault\u00a0\u00bb animation_type=\u00a0\u00bbdefault\u00a0\u00bb enable_animation=\u00a0\u00bbtrue\u00a0\u00bb animation=\u00a0\u00bbfade-in-from-bottom\u00a0\u00bb mobile_disable_entrance_animation=\u00a0\u00bbtrue\u00a0\u00bb animation_easing=\u00a0\u00bbdefault\u00a0\u00bb bg_image_animation=\u00a0\u00bbnone\u00a0\u00bb border_type=\u00a0\u00bbsimple\u00a0\u00bb column_border_width=\u00a0\u00bbnone\u00a0\u00bb column_border_style=\u00a0\u00bbsolid\u00a0\u00bb gradient_type=\u00a0\u00bbdefault\u00a0\u00bb column_padding_type=\u00a0\u00bbdefault\u00a0\u00bb delay=\u00a0\u00bb900&Prime;][nectar_responsive_text inherited_font_style=\u00a0\u00bbh1&Prime; font_size_desktop=\u00a0\u00bb4vw\u00a0\u00bb font_line_height=\u00a0\u00bb1&Prime; text_direction=\u00a0\u00bbdefault\u00a0\u00bb font_size_tablet=\u00a0\u00bb36px\u00a0\u00bb]\n<h2>Snack-bar<\/h2>\n[\/nectar_responsive_text][divider line_type=\u00a0\u00bbNo Line\u00a0\u00bb custom_height=\u00a0\u00bb30px\u00a0\u00bb][nectar_responsive_text inherited_font_style=\u00a0\u00bbp\u00a0\u00bb font_size_desktop=\u00a0\u00bb20px\u00a0\u00bb text_direction=\u00a0\u00bbdefault\u00a0\u00bb font_line_height=\u00a0\u00bb1.4&Prime;]Dans la zone d&rsquo;entr\u00e9e, vous trouverez notre snack-bar, o\u00f9 vous pourrez prendre un rafra\u00eechissement, un ap\u00e9ritif ou rester d\u00e9jeuner. Nous proposons une vari\u00e9t\u00e9 de plats combin\u00e9s, pizzas, sandwichs\u2026 tandis que notre sympathique ami Suli, le perroquet ara, vous accueille (acc\u00e8s gratuit, ainsi que l&rsquo;aire de jeux et la boutique).<\/p>\n<p>Il est ouvert toute la journ\u00e9e et la cuisine sert des repas de 10h30 \u00e0 15h30.[\/nectar_responsive_text][\/vc_column_inner][\/vc_row_inner][\/vc_column][\/vc_row]\n","protected":false},"excerpt":{"rendered":"<p>[vc_row type=\u00a0\u00bbfull_width_content\u00a0\u00bb full_screen_row_position=\u00a0\u00bbmiddle\u00a0\u00bb column_margin=\u00a0\u00bbnone\u00a0\u00bb equal_height=\u00a0\u00bbyes\u00a0\u00bb content_placement=\u00a0\u00bbtop\u00a0\u00bb column_direction=\u00a0\u00bbdefault\u00a0\u00bb column_direction_tablet=\u00a0\u00bbdefault\u00a0\u00bb bg_color=\u00a0\u00bb#EB891A63&Prime; scene_position=\u00a0\u00bbcenter\u00a0\u00bb top_padding=\u00a0\u00bb5%\u00a0\u00bb bottom_padding=\u00a0\u00bb5%\u00a0\u00bb text_color=\u00a0\u00bbdark\u00a0\u00bb text_align=\u00a0\u00bbleft\u00a0\u00bb row_border_radius=\u00a0\u00bbnone\u00a0\u00bb row_border_radius_applies=\u00a0\u00bbbg\u00a0\u00bb row_position_desktop=\u00a0\u00bbdefault\u00a0\u00bb row_position_tablet=\u00a0\u00bbinherit\u00a0\u00bb row_position_phone=\u00a0\u00bbinherit\u00a0\u00bb overflow=\u00a0\u00bbhidden\u00a0\u00bb overlay_strength=\u00a0\u00bb0.3&Prime; gradient_direction=\u00a0\u00bbleft_to_right\u00a0\u00bb shape_divider_position=\u00a0\u00bbbottom\u00a0\u00bb bg_image_animation=\u00a0\u00bbnone\u00a0\u00bb gradient_type=\u00a0\u00bbdefault\u00a0\u00bb shape_type=\u00a0\u00bb\u00a0\u00bb][vc_column column_padding=\u00a0\u00bbpadding-3-percent\u00a0\u00bb column_padding_tablet=\u00a0\u00bbinherit\u00a0\u00bb column_padding_phone=\u00a0\u00bbpadding-1-percent\u00a0\u00bb column_padding_position=\u00a0\u00bball\u00a0\u00bb&#8230;<\/p>\n","protected":false},"author":1,"featured_media":0,"parent":2667,"menu_order":0,"comment_status":"closed","ping_status":"closed","template":"","meta":{"footnotes":""},"class_list":["post-2643","page","type-page","status-publish"],"_links":{"self":[{"href":"https:\/\/llocdemenorca.com\/fr\/wp-json\/wp\/v2\/pages\/2643","targetHints":{"allow":["GET"]}}],"collection":[{"href":"https:\/\/llocdemenorca.com\/fr\/wp-json\/wp\/v2\/pages"}],"about":[{"href":"https:\/\/llocdemenorca.com\/fr\/wp-json\/wp\/v2\/types\/page"}],"author":[{"embeddable":true,"href":"https:\/\/llocdemenorca.com\/fr\/wp-json\/wp\/v2\/users\/1"}],"replies":[{"embeddable":true,"href":"https:\/\/llocdemenorca.com\/fr\/wp-json\/wp\/v2\/comments?post=2643"}],"version-history":[{"count":1,"href":"https:\/\/llocdemenorca.com\/fr\/wp-json\/wp\/v2\/pages\/2643\/revisions"}],"predecessor-version":[{"id":2670,"href":"https:\/\/llocdemenorca.com\/fr\/wp-json\/wp\/v2\/pages\/2643\/revisions\/2670"}],"up":[{"embeddable":true,"href":"https:\/\/llocdemenorca.com\/fr\/wp-json\/wp\/v2\/pages\/2667"}],"wp:attachment":[{"href":"https:\/\/llocdemenorca.com\/fr\/wp-json\/wp\/v2\/media?parent=2643"}],"curies":[{"name":"wp","href":"https:\/\/api.w.org\/{rel}","templated":true}]}}