{"id":2717,"date":"2026-02-19T10:58:18","date_gmt":"2026-02-19T10:58:18","guid":{"rendered":"http:\/\/llocdemenorca.com\/politica-de-privacidad\/"},"modified":"2026-03-11T23:13:12","modified_gmt":"2026-03-11T23:13:12","slug":"politica-de-privacidad","status":"publish","type":"page","link":"https:\/\/llocdemenorca.com\/es\/politica-de-privacidad\/","title":{"rendered":"Pol\u00edtica de Privacidad"},"content":{"rendered":"[vc_row type=\u00bbin_container\u00bb full_screen_row_position=\u00bbmiddle\u00bb column_margin=\u00bbdefault\u00bb column_direction=\u00bbdefault\u00bb column_direction_tablet=\u00bbdefault\u00bb column_direction_phone=\u00bbdefault\u00bb scene_position=\u00bbcenter\u00bb top_padding=\u00bb2%\u00bb bottom_padding=\u00bb1%\u00bb constrain_group_2=\u00bbyes\u00bb top_padding_tablet=\u00bb4%\u00bb bottom_padding_tablet=\u00bb3%\u00bb constrain_group_4=\u00bbyes\u00bb constrain_group_6=\u00bbyes\u00bb text_color=\u00bbdark\u00bb text_align=\u00bbleft\u00bb row_border_radius=\u00bbnone\u00bb row_border_radius_applies=\u00bbbg\u00bb row_position_desktop=\u00bbdefault\u00bb row_position_tablet=\u00bbinherit\u00bb row_position_phone=\u00bbinherit\u00bb overflow=\u00bbvisible\u00bb overlay_strength=\u00bb0.3&#8243; gradient_direction=\u00bbleft_to_right\u00bb shape_divider_position=\u00bbbottom\u00bb bg_image_animation=\u00bbnone\u00bb gradient_type=\u00bbdefault\u00bb shape_type=\u00bb\u00bb][vc_column column_padding=\u00bbno-extra-padding\u00bb column_padding_tablet=\u00bbinherit\u00bb column_padding_phone=\u00bbinherit\u00bb column_padding_position=\u00bball\u00bb flex_gap_desktop=\u00bb10px\u00bb column_element_direction_desktop=\u00bbdefault\u00bb column_element_spacing=\u00bbdefault\u00bb desktop_text_alignment=\u00bbdefault\u00bb tablet_text_alignment=\u00bbdefault\u00bb phone_text_alignment=\u00bbdefault\u00bb background_color_opacity=\u00bb1&#8243; background_hover_color_opacity=\u00bb1&#8243; column_backdrop_filter=\u00bbnone\u00bb column_shadow=\u00bbnone\u00bb column_border_radius=\u00bbnone\u00bb column_link_target=\u00bb_self\u00bb column_position=\u00bbdefault\u00bb gradient_direction=\u00bbleft_to_right\u00bb overlay_strength=\u00bb0.3&#8243; width=\u00bb2\/3&#8243; tablet_width_inherit=\u00bbdefault\u00bb animation_type=\u00bbdefault\u00bb bg_image_animation=\u00bbnone\u00bb border_type=\u00bbsimple\u00bb column_border_width=\u00bbnone\u00bb column_border_style=\u00bbsolid\u00bb][split_line_heading line_reveal_by_space_text_effect=\u00bbnone\u00bb font_style=\u00bbh1&#8243; text_color=\u00bb#000000&#8243; stagger_animation=\u00bbtrue\u00bb content_alignment=\u00bbdefault\u00bb mobile_content_alignment=\u00bbinherit\u00bb animation_type=\u00bbline-reveal-by-space\u00bb link_target=\u00bb_self\u00bb text_content=\u00bbPolxc3xadtica de Privacidad\u00bb text_direction=\u00bbdefault\u00bb font_size=\u00bb3vw\u00bb font_size_phone=\u00bb5.5vw\u00bb]us[\/split_line_heading][\/vc_column][vc_column column_padding=\u00bbno-extra-padding\u00bb column_padding_tablet=\u00bbinherit\u00bb column_padding_phone=\u00bbinherit\u00bb column_padding_position=\u00bball\u00bb flex_gap_desktop=\u00bb10px\u00bb column_element_direction_desktop=\u00bbdefault\u00bb column_element_spacing=\u00bbdefault\u00bb desktop_text_alignment=\u00bbdefault\u00bb tablet_text_alignment=\u00bbdefault\u00bb phone_text_alignment=\u00bbdefault\u00bb background_color_opacity=\u00bb1&#8243; background_hover_color_opacity=\u00bb1&#8243; column_backdrop_filter=\u00bbnone\u00bb column_shadow=\u00bbnone\u00bb column_border_radius=\u00bbnone\u00bb column_link_target=\u00bb_self\u00bb column_position=\u00bbdefault\u00bb gradient_direction=\u00bbleft_to_right\u00bb overlay_strength=\u00bb0.3&#8243; width=\u00bb1\/3&#8243; tablet_width_inherit=\u00bbdefault\u00bb animation_type=\u00bbdefault\u00bb bg_image_animation=\u00bbnone\u00bb border_type=\u00bbsimple\u00bb column_border_width=\u00bbnone\u00bb column_border_style=\u00bbsolid\u00bb][\/vc_column][\/vc_row][vc_row type=\u00bbin_container\u00bb full_screen_row_position=\u00bbmiddle\u00bb column_margin=\u00bbdefault\u00bb column_direction=\u00bbdefault\u00bb column_direction_tablet=\u00bbdefault\u00bb column_direction_phone=\u00bbdefault\u00bb scene_position=\u00bbcenter\u00bb text_color=\u00bbdark\u00bb text_align=\u00bbleft\u00bb row_border_radius=\u00bbnone\u00bb row_border_radius_applies=\u00bbbg\u00bb row_position_desktop=\u00bbdefault\u00bb row_position_tablet=\u00bbinherit\u00bb row_position_phone=\u00bbinherit\u00bb overflow=\u00bbvisible\u00bb overlay_strength=\u00bb0.3&#8243; gradient_direction=\u00bbleft_to_right\u00bb shape_divider_position=\u00bbbottom\u00bb bg_image_animation=\u00bbnone\u00bb][vc_column column_padding=\u00bbno-extra-padding\u00bb column_padding_tablet=\u00bbinherit\u00bb column_padding_phone=\u00bbinherit\u00bb column_padding_position=\u00bball\u00bb flex_gap_desktop=\u00bb10px\u00bb column_element_direction_desktop=\u00bbdefault\u00bb column_element_spacing=\u00bbdefault\u00bb desktop_text_alignment=\u00bbdefault\u00bb tablet_text_alignment=\u00bbdefault\u00bb phone_text_alignment=\u00bbdefault\u00bb background_color_opacity=\u00bb1&#8243; background_hover_color_opacity=\u00bb1&#8243; column_backdrop_filter=\u00bbnone\u00bb column_shadow=\u00bbnone\u00bb column_border_radius=\u00bbnone\u00bb column_link_target=\u00bb_self\u00bb column_position=\u00bbdefault\u00bb gradient_direction=\u00bbleft_to_right\u00bb overlay_strength=\u00bb0.3&#8243; width=\u00bb1\/1&#8243; tablet_width_inherit=\u00bbdefault\u00bb animation_type=\u00bbdefault\u00bb bg_image_animation=\u00bbnone\u00bb border_type=\u00bbsimple\u00bb column_border_width=\u00bbnone\u00bb column_border_style=\u00bbsolid\u00bb][nectar_responsive_text inherited_font_style=\u00bbp\u00bb text_direction=\u00bbdefault\u00bb]\nEn cumplimiento del REGLAMENTO (UE) 2016\/679 DEL PARLAMENTO EUROPEO Y DEL CONSEJO de 27 de abril de 2016, relativo a la protecci\u00f3n de las personas f\u00edsicas en lo que respecta al tratamiento de datos personales y a la libre circulaci\u00f3n de estos datos, y a la Ley Org\u00e1nica 3\/2018, de 5 de diciembre, de Protecci\u00f3n de Datos Personales y garant\u00eda de los derechos digitales, queda informado de que los datos personales proporcionados por usted a trav\u00e9s del sitio web www.llocdemenorca.com (en adelante el sitio web), ser\u00e1n tratados en los siguientes t\u00e9rminos:<\/p>\n<p><strong>Responsable del tratamiento<\/strong><br \/>\nLos datos personales recogidos a trav\u00e9s de este sitio web ser\u00e1n tratados por LLOC DE MENORCA, SL, con domicilio para el ejercicio de derechos en CTRA. GENERAL, KM. 8 \u2013 07730 L&#8217;ARGENTINA \u2013 ALAIOR (Illes Balears). Email: info@llocdemenorca.com<\/p>\n<p><strong>Finalidades del tratamiento<\/strong><br \/>\n<strong>&#8211;<\/strong> Informarle sobre nuestros productos y servicios, cuando as\u00ed lo solicite mediante los formularios del sitio web o por correo electr\u00f3nico.<br \/>\n<strong>&#8211;<\/strong> Dar respuesta y gestionar sus consultas, comentarios y sugerencias, si procede.<br \/>\n<strong>&#8211;<\/strong> Gestionar su participaci\u00f3n en presentes y futuros procesos de selecci\u00f3n, cuando nos haga llegar sus datos (incluido su curriculum) con esta finalidad.<br \/>\n<strong>&#8211;<\/strong> Gestionar su pedido, en caso de que realice alg\u00fan pedido a trav\u00e9s del sitio web.<br \/>\n<strong>&#8211;<\/strong> Con la finalidad de obtener informaci\u00f3n del uso del sitio web, se analizan el n\u00famero de p\u00e1ginas visitadas, el n\u00famero de visitas, as\u00ed como la actividad de los visitantes y su frecuencia de uso.<br \/>\n<strong>&#8211;<\/strong> A estos efectos, el RESPONSABLE utiliza informaci\u00f3n estad\u00edstica elaborada por el Proveedor de Servicios de Internet que no permite identificar al interesado en ning\u00fan momento.<\/p>\n<p><strong>Legitimaci\u00f3n<\/strong><br \/>\n<strong>&#8211; Consentimiento.<\/strong> Los datos personales obtenidos mediante los formularios del sitio web ser\u00e1n tratados solo en base al consentimiento otorgado por parte del interesado, mediante la aceptaci\u00f3n de la casilla dispuesta para esta finalidad. Este consentimiento se puede retirar en cualquier momento.<br \/>\n<strong>&#8211; Inter\u00e9s leg\u00edtimo del responsable.<\/strong> La informaci\u00f3n estad\u00edstica obtenida del sitio web ser\u00e1 tratada en base al inter\u00e9s leg\u00edtimo del responsable. Esta informaci\u00f3n no permite identificar al usuario.<br \/>\n<strong>&#8211; Ejecuci\u00f3n de un contrato.<\/strong> El tratamiento realizado para la gesti\u00f3n de los pedidos solicitados mediante la tienda online est\u00e1 basado en la ejecuci\u00f3n de un contrato del cual el interesado es parte o para la aplicaci\u00f3n a petici\u00f3n suya de medidas precontractuales.<\/p>\n<p><strong>Destinatarios<\/strong><br \/>\nLos datos personales obtenidos a trav\u00e9s del sitio web podr\u00e1n ser comunicados a la entidad financiera correspondiente cuando sea necesario para gestionar el pago de los pedidos realizados, as\u00ed como a la empresa de mensajer\u00eda, cuando sea necesario.<\/p>\n<p><strong>Conservaci\u00f3n<\/strong><br \/>\nLos datos personales facilitados por el usuario para recibir comunicaciones comerciales ser\u00e1n conservados mientras el interesado no solicite su supresi\u00f3n o retire su consentimiento.<\/p>\n<p>Cuando el usuario env\u00ede sus datos personales para participar en procesos de selecci\u00f3n del RESPONSABLE, los datos ser\u00e1n tratados para participar en presentes procesos de selecci\u00f3n y si no fuera seleccionado, se conservar\u00e1n sus datos personales durante un per\u00edodo de dos a\u00f1os con la finalidad de poder contar con su participaci\u00f3n en futuros procesos.<\/p>\n<p>Cuando el usuario env\u00ede sus datos para contactar con el RESPONSABLE, realizar consultas o sugerencias, los datos se conservar\u00e1n mientras sea necesario para esta finalidad y puedan derivarse responsabilidades del tratamiento.<\/p>\n<p>Datos de tr\u00e1fico, estad\u00edsticas y visitas web: los datos ser\u00e1n conservados durante el plazo de tres a\u00f1os.<\/p>\n<p><strong>Derechos<\/strong><br \/>\nPuede ejercer los derechos de acceso, rectificaci\u00f3n, supresi\u00f3n y portabilidad de sus datos y de limitaci\u00f3n y oposici\u00f3n a su tratamiento, mediante escrito acompa\u00f1ado de documento oficial que le identifique dirigido a CTRA. GENERAL, KM. 8 \u2013 07730 L&#8217;ARGENTINA \u2013 ALAIOR (Illes Balears). Email: info@llocdemenorca.com. En caso de disconformidad con el tratamiento, tambi\u00e9n tiene derecho a presentar una reclamaci\u00f3n ante la Agencia Espa\u00f1ola de Protecci\u00f3n de Datos (www.aepd.es).<\/p>\n<p><strong>Pol\u00edtica de protecci\u00f3n de menores<\/strong><br \/>\nQuien facilita los datos a trav\u00e9s de los formularios de esta Web y acepta el tratamiento declara formalmente ser mayor de 18 a\u00f1os.<\/p>\n<p>Queda prohibido el acceso y uso del portal a los menores de 18 a\u00f1os.<\/p>\n<p>El RESPONSABLE recuerda a las personas mayores de edad que tengan menores a su cargo, que ser\u00e1 de su exclusiva responsabilidad si alg\u00fan menor incorpora sus datos para solicitar alg\u00fan producto.<\/p>\n<p>Tambi\u00e9n se les informa que existen programas inform\u00e1ticos para limitar la navegaci\u00f3n mediante el filtrado o bloqueo de determinados contenidos.<\/p>\n<p><strong>Tratamiento derivado del uso de las redes sociales<\/strong><br \/>\nAl seguir nuestro perfil en las redes sociales, consiente expresamente al tratamiento de sus datos personales de acuerdo con la pol\u00edtica de privacidad de la correspondiente red social. Tambi\u00e9n consiente expresamente al acceso del RESPONSABLE al tratamiento de los datos contenidos en su perfil y a que las noticias publicadas sobre cualquier producto del RESPONSABLE aparezcan en su muro. Su petici\u00f3n para conectar implica necesariamente su consentimiento para los tratamientos mencionados, siendo esta la base legal del tratamiento. Los datos se conservar\u00e1n mientras el interesado no solicite la oposici\u00f3n o retire su consentimiento, el cual puede retirar en cualquier momento.<\/p>\n<p>La publicaci\u00f3n de comentarios y contenidos en las redes sociales se convertir\u00e1n en informaci\u00f3n p\u00fablica, por lo que los usuarios deber\u00e1n tener especial cuidado cuando decidan compartir su informaci\u00f3n personal. El RESPONSABLE no se hace responsable de la informaci\u00f3n que los usuarios incorporen a la p\u00e1gina. No obstante, las personas cuyos datos personales sean publicados o est\u00e9n incluidos en comentarios, podr\u00e1n solicitar al RESPONSABLE su cancelaci\u00f3n.<br \/>\n[\/nectar_responsive_text][\/vc_column][\/vc_row]\n","protected":false},"excerpt":{"rendered":"<p>[vc_row type=\u00bbin_container\u00bb full_screen_row_position=\u00bbmiddle\u00bb column_margin=\u00bbdefault\u00bb column_direction=\u00bbdefault\u00bb column_direction_tablet=\u00bbdefault\u00bb column_direction_phone=\u00bbdefault\u00bb scene_position=\u00bbcenter\u00bb top_padding=\u00bb2%\u00bb bottom_padding=\u00bb1%\u00bb constrain_group_2=\u00bbyes\u00bb top_padding_tablet=\u00bb4%\u00bb bottom_padding_tablet=\u00bb3%\u00bb constrain_group_4=\u00bbyes\u00bb constrain_group_6=\u00bbyes\u00bb text_color=\u00bbdark\u00bb text_align=\u00bbleft\u00bb row_border_radius=\u00bbnone\u00bb row_border_radius_applies=\u00bbbg\u00bb row_position_desktop=\u00bbdefault\u00bb row_position_tablet=\u00bbinherit\u00bb row_position_phone=\u00bbinherit\u00bb overflow=\u00bbvisible\u00bb overlay_strength=\u00bb0.3&#8243; gradient_direction=\u00bbleft_to_right\u00bb shape_divider_position=\u00bbbottom\u00bb bg_image_animation=\u00bbnone\u00bb gradient_type=\u00bbdefault\u00bb shape_type=\u00bb\u00bb][vc_column column_padding=\u00bbno-extra-padding\u00bb&#8230;<\/p>\n","protected":false},"author":1,"featured_media":0,"parent":0,"menu_order":10,"comment_status":"closed","ping_status":"closed","template":"","meta":{"footnotes":""},"class_list":["post-2717","page","type-page","status-publish"],"_links":{"self":[{"href":"https:\/\/llocdemenorca.com\/es\/wp-json\/wp\/v2\/pages\/2717","targetHints":{"allow":["GET"]}}],"collection":[{"href":"https:\/\/llocdemenorca.com\/es\/wp-json\/wp\/v2\/pages"}],"about":[{"href":"https:\/\/llocdemenorca.com\/es\/wp-json\/wp\/v2\/types\/page"}],"author":[{"embeddable":true,"href":"https:\/\/llocdemenorca.com\/es\/wp-json\/wp\/v2\/users\/1"}],"replies":[{"embeddable":true,"href":"https:\/\/llocdemenorca.com\/es\/wp-json\/wp\/v2\/comments?post=2717"}],"version-history":[{"count":3,"href":"https:\/\/llocdemenorca.com\/es\/wp-json\/wp\/v2\/pages\/2717\/revisions"}],"predecessor-version":[{"id":3170,"href":"https:\/\/llocdemenorca.com\/es\/wp-json\/wp\/v2\/pages\/2717\/revisions\/3170"}],"wp:attachment":[{"href":"https:\/\/llocdemenorca.com\/es\/wp-json\/wp\/v2\/media?parent=2717"}],"curies":[{"name":"wp","href":"https:\/\/api.w.org\/{rel}","templated":true}]}}