{"id":2714,"date":"2026-02-19T13:42:48","date_gmt":"2026-02-19T13:42:48","guid":{"rendered":"http:\/\/llocdemenorca.com\/como-llegar\/"},"modified":"2026-03-11T23:27:08","modified_gmt":"2026-03-11T23:27:08","slug":"como-llegar","status":"publish","type":"page","link":"https:\/\/llocdemenorca.com\/es\/como-llegar\/","title":{"rendered":"C\u00f3mo Llegar"},"content":{"rendered":"[vc_row type=\u00bbfull_width_content\u00bb full_screen_row_position=\u00bbmiddle\u00bb column_margin=\u00bbdefault\u00bb column_direction=\u00bbdefault\u00bb column_direction_tablet=\u00bbdefault\u00bb column_direction_phone=\u00bbdefault\u00bb bg_image=\u00bb1769&#8243; bg_image_type=\u00bbdefault\u00bb bg_position=\u00bbcenter center\u00bb background_image_loading=\u00bbdefault\u00bb bg_repeat=\u00bbno-repeat\u00bb scene_position=\u00bbcenter\u00bb top_padding=\u00bb8%\u00bb constrain_group_1=\u00bbyes\u00bb bottom_padding=\u00bb8%\u00bb text_color=\u00bbdark\u00bb text_align=\u00bbleft\u00bb row_border_radius=\u00bbnone\u00bb row_border_radius_applies=\u00bbbg\u00bb row_position_desktop=\u00bbdefault\u00bb row_position_tablet=\u00bbinherit\u00bb row_position_phone=\u00bbinherit\u00bb overflow=\u00bbvisible\u00bb enable_gradient=\u00bbtrue\u00bb color_overlay=\u00bb#713E03&#8243; color_overlay_2=\u00bb#EA9F4B\u00bb overlay_strength=\u00bb0.5&#8243; gradient_direction=\u00bbleft_to_right\u00bb shape_divider_position=\u00bbbottom\u00bb bg_image_animation=\u00bbnone\u00bb gradient_type=\u00bbdefault\u00bb shape_type=\u00bb\u00bb][vc_column column_padding=\u00bbno-extra-padding\u00bb column_padding_tablet=\u00bbinherit\u00bb column_padding_phone=\u00bbinherit\u00bb column_padding_position=\u00bball\u00bb column_element_direction_desktop=\u00bbdefault\u00bb column_element_spacing=\u00bbdefault\u00bb desktop_text_alignment=\u00bbdefault\u00bb tablet_text_alignment=\u00bbdefault\u00bb phone_text_alignment=\u00bbdefault\u00bb background_color_opacity=\u00bb1&#8243; background_hover_color_opacity=\u00bb1&#8243; column_backdrop_filter=\u00bbnone\u00bb column_shadow=\u00bbnone\u00bb column_border_radius=\u00bbnone\u00bb column_link_target=\u00bb_self\u00bb column_position=\u00bbdefault\u00bb gradient_direction=\u00bbleft_to_right\u00bb overlay_strength=\u00bb0.3&#8243; width=\u00bb1\/1&#8243; tablet_width_inherit=\u00bbdefault\u00bb animation_type=\u00bbdefault\u00bb bg_image_animation=\u00bbnone\u00bb border_type=\u00bbsimple\u00bb column_border_width=\u00bbnone\u00bb column_border_style=\u00bbsolid\u00bb column_padding_type=\u00bbdefault\u00bb content_layout=\u00bbdefault\u00bb gradient_type=\u00bbdefault\u00bb][vc_row_inner column_margin=\u00bbdefault\u00bb column_direction=\u00bbdefault\u00bb column_direction_tablet=\u00bbdefault\u00bb column_direction_phone=\u00bbdefault\u00bb left_padding_desktop=\u00bb15%\u00bb constrain_group_2=\u00bbyes\u00bb right_padding_desktop=\u00bb15%\u00bb left_padding_tablet=\u00bb10%\u00bb constrain_group_4=\u00bbyes\u00bb right_padding_tablet=\u00bb10%\u00bb left_padding_phone=\u00bb5%\u00bb constrain_group_6=\u00bbyes\u00bb right_padding_phone=\u00bb5%\u00bb text_align=\u00bbleft\u00bb row_position=\u00bbdefault\u00bb row_position_tablet=\u00bbinherit\u00bb row_position_phone=\u00bbinherit\u00bb overflow=\u00bbvisible\u00bb pointer_events=\u00bball\u00bb][vc_column_inner column_padding=\u00bbno-extra-padding\u00bb column_padding_tablet=\u00bbinherit\u00bb column_padding_phone=\u00bbinherit\u00bb column_padding_position=\u00bball\u00bb flex_gap_desktop=\u00bb10px\u00bb desktop_text_alignment=\u00bbcenter\u00bb tablet_text_alignment=\u00bbdefault\u00bb phone_text_alignment=\u00bbdefault\u00bb background_color_opacity=\u00bb1&#8243; background_hover_color_opacity=\u00bb1&#8243; column_backdrop_filter=\u00bbnone\u00bb column_shadow=\u00bbnone\u00bb column_border_radius=\u00bbnone\u00bb column_link_target=\u00bb_self\u00bb overflow=\u00bbvisible\u00bb gradient_direction=\u00bbleft_to_right\u00bb overlay_strength=\u00bb0.3&#8243; width=\u00bb1\/1&#8243; tablet_width_inherit=\u00bbdefault\u00bb animation_type=\u00bbdefault\u00bb bg_image_animation=\u00bbnone\u00bb border_type=\u00bbsimple\u00bb column_border_width=\u00bbnone\u00bb column_border_style=\u00bbsolid\u00bb column_padding_type=\u00bbdefault\u00bb content_layout=\u00bbflexbox\u00bb gradient_type=\u00bbdefault\u00bb flex_layout_desktop=\u00bbcolumn\u00bb flex_justify_content_desktop=\u00bbcenter\u00bb flex_align_items_desktop=\u00bbcenter\u00bb flex_align_items_phone=\u00bb\u00bb flex_wrap_desktop=\u00bbnowrap\u00bb flex_reverse_desktop=\u00bbfalse\u00bb][split_line_heading line_reveal_by_space_text_effect=\u00bbfade-bottom\u00bb font_style=\u00bbh1&#8243; text_color=\u00bb#FFFFFF\u00bb stagger_animation=\u00bbtrue\u00bb content_alignment=\u00bbdefault\u00bb mobile_content_alignment=\u00bbinherit\u00bb animation_type=\u00bbline-reveal-by-space\u00bb link_target=\u00bb_self\u00bb text_content=\u00bbC\u00f3mo Llegar\u00bb text_direction=\u00bbdefault\u00bb font_size=\u00bb5vw\u00bb font_size_phone=\u00bb7.5vw\u00bb el_class=\u00bbtexto-destacado\u00bb][\/split_line_heading][divider line_type=\u00bbNo Line\u00bb custom_height=\u00bb25px\u00bb][split_line_heading line_reveal_by_space_text_effect=\u00bbfade-bottom\u00bb font_style=\u00bbh2&#8243; text_color=\u00bb#FFFFFF\u00bb stagger_animation=\u00bbtrue\u00bb content_alignment=\u00bbdefault\u00bb mobile_content_alignment=\u00bbinherit\u00bb animation_type=\u00bbline-reveal-by-space\u00bb link_target=\u00bb_self\u00bb text_content=\u00bbEstamos situados en la carretera principal de Menorca (Me-1) en el km 7,8 entre las poblaciones de Alaior y Ma\u00f3.\u00bb text_direction=\u00bbdefault\u00bb el_class=\u00bbtexto-destacado\u00bb][\/split_line_heading][\/vc_column_inner][\/vc_row_inner][divider line_type=\u00bbNo Line\u00bb custom_height=\u00bb50px\u00bb][vc_row_inner column_margin=\u00bbdefault\u00bb column_direction=\u00bbdefault\u00bb column_direction_tablet=\u00bbdefault\u00bb column_direction_phone=\u00bbdefault\u00bb text_align=\u00bbleft\u00bb row_position=\u00bbdefault\u00bb row_position_tablet=\u00bbinherit\u00bb row_position_phone=\u00bbinherit\u00bb overflow=\u00bbvisible\u00bb pointer_events=\u00bball\u00bb][vc_column_inner column_padding=\u00bbno-extra-padding\u00bb column_padding_tablet=\u00bbinherit\u00bb column_padding_phone=\u00bbinherit\u00bb column_padding_position=\u00bball\u00bb flex_gap_desktop=\u00bb10px\u00bb desktop_text_alignment=\u00bbdefault\u00bb tablet_text_alignment=\u00bbdefault\u00bb phone_text_alignment=\u00bbdefault\u00bb background_color_opacity=\u00bb1&#8243; background_hover_color_opacity=\u00bb1&#8243; column_backdrop_filter=\u00bbnone\u00bb column_shadow=\u00bbnone\u00bb column_border_radius=\u00bbnone\u00bb column_link_target=\u00bb_self\u00bb overflow=\u00bbvisible\u00bb gradient_direction=\u00bbleft_to_right\u00bb overlay_strength=\u00bb0.3&#8243; width=\u00bb1\/1&#8243; tablet_width_inherit=\u00bbdefault\u00bb animation_type=\u00bbdefault\u00bb enable_animation=\u00bbtrue\u00bb animation=\u00bbfade-in-from-bottom\u00bb animation_easing=\u00bbdefault\u00bb bg_image_animation=\u00bbnone\u00bb border_type=\u00bbsimple\u00bb column_border_width=\u00bbnone\u00bb column_border_style=\u00bbsolid\u00bb column_padding_type=\u00bbdefault\u00bb content_layout=\u00bbflexbox\u00bb gradient_type=\u00bbdefault\u00bb flex_layout_desktop=\u00bbrow\u00bb flex_justify_content_desktop=\u00bbcenter\u00bb flex_align_items_desktop=\u00bbcenter\u00bb flex_align_items_phone=\u00bb\u00bb flex_wrap_desktop=\u00bbnowrap\u00bb flex_reverse_desktop=\u00bbfalse\u00bb][nectar_cta btn_style=\u00bbtext-reveal\u00bb heading_tag=\u00bbh6&#8243; link_type=\u00bbnew_tab\u00bb button_color=\u00bbextra-color-2&#8243; text_color=\u00bb#FFFFFF\u00bb button_border_thickness=\u00bb0px\u00bb alignment=\u00bbleft\u00bb alignment_tablet=\u00bbdefault\u00bb alignment_phone=\u00bbdefault\u00bb constrain_group_3=\u00bbyes\u00bb constrain_group_4=\u00bbyes\u00bb display=\u00bbblock\u00bb display_tablet=\u00bbinherit\u00bb display_phone=\u00bbinherit\u00bb icon_family=\u00bbnone\u00bb link_text=\u00bbAbrir Google Maps\u00bb padding_top=\u00bb0.7em\u00bb padding_bottom=\u00bb0.7em\u00bb padding_left=\u00bb1.4em\u00bb padding_right=\u00bb1.4em\u00bb url=\u00bbhttps:\/\/www.google.com\/maps\/place\/LLOC+DE+MENORCA\/@39.9153071,4.1781025,834m\/data=!3m2!1e3!4b1!4m6!3m5!1s0x12be276509e9b48d:0x7cdfecc7229a8c69!8m2!3d39.9153071!4d4.1781025!16s%2Fg%2F1q5bl08n0?entry=ttu&amp;g_ep=EgoyMDI2MDIxNy4wIKXMDSoASAFQAw%3D%3D\u00bb][\/vc_column_inner][\/vc_row_inner][divider line_type=\u00bbNo Line\u00bb custom_height=\u00bb50px\u00bb][\/vc_column][\/vc_row][vc_row type=\u00bbfull_width_content\u00bb full_screen_row_position=\u00bbmiddle\u00bb column_margin=\u00bbdefault\u00bb column_direction=\u00bbdefault\u00bb column_direction_tablet=\u00bbdefault\u00bb column_direction_phone=\u00bbdefault\u00bb scene_position=\u00bbcenter\u00bb text_color=\u00bbdark\u00bb text_align=\u00bbleft\u00bb row_border_radius=\u00bbnone\u00bb row_border_radius_applies=\u00bbbg\u00bb row_position_desktop=\u00bbdefault\u00bb row_position_tablet=\u00bbinherit\u00bb row_position_phone=\u00bbinherit\u00bb overflow=\u00bbvisible\u00bb overlay_strength=\u00bb0.3&#8243; gradient_direction=\u00bbleft_to_right\u00bb shape_divider_position=\u00bbbottom\u00bb bg_image_animation=\u00bbnone\u00bb gradient_type=\u00bbdefault\u00bb shape_type=\u00bb\u00bb][vc_column column_padding=\u00bbno-extra-padding\u00bb column_padding_tablet=\u00bbinherit\u00bb column_padding_phone=\u00bbinherit\u00bb column_padding_position=\u00bball\u00bb flex_gap_desktop=\u00bb10px\u00bb column_element_direction_desktop=\u00bbdefault\u00bb column_element_spacing=\u00bbdefault\u00bb desktop_text_alignment=\u00bbdefault\u00bb tablet_text_alignment=\u00bbdefault\u00bb phone_text_alignment=\u00bbdefault\u00bb background_color_opacity=\u00bb1&#8243; background_hover_color_opacity=\u00bb1&#8243; column_backdrop_filter=\u00bbnone\u00bb column_shadow=\u00bbnone\u00bb column_border_radius=\u00bbnone\u00bb column_link_target=\u00bb_self\u00bb column_position=\u00bbdefault\u00bb gradient_direction=\u00bbleft_to_right\u00bb overlay_strength=\u00bb0.3&#8243; width=\u00bb1\/1&#8243; tablet_width_inherit=\u00bbdefault\u00bb animation_type=\u00bbdefault\u00bb bg_image_animation=\u00bbnone\u00bb border_type=\u00bbsimple\u00bb column_border_width=\u00bbnone\u00bb column_border_style=\u00bbsolid\u00bb][nectar_gmap map_type=\u00bbleaflet\u00bb zoom=\u00bb14&#8243; marker_style=\u00bbnectar\u00bb color=\u00bbextra-color-2&#8243; size=\u00bb450&#8243; map_center_lat=\u00bb39.9156443861235&#8243; map_center_lng=\u00bb4.178059084657566&#8243; map_markers=\u00bb39.9156443861235|4.178059084657566|Estem aqu\u00ed!\u00bb][\/vc_column][\/vc_row][vc_row type=\u00bbfull_width_content\u00bb full_screen_row_position=\u00bbmiddle\u00bb column_margin=\u00bbdefault\u00bb column_direction=\u00bbdefault\u00bb column_direction_tablet=\u00bbdefault\u00bb column_direction_phone=\u00bbdefault\u00bb bg_color=\u00bb#F6FFDC\u00bb scene_position=\u00bbcenter\u00bb constrain_group_2=\u00bbyes\u00bb constrain_group_4=\u00bbyes\u00bb constrain_group_6=\u00bbyes\u00bb text_color=\u00bbdark\u00bb text_align=\u00bbleft\u00bb row_border_radius=\u00bbnone\u00bb row_border_radius_applies=\u00bbbg\u00bb row_position_desktop=\u00bbdefault\u00bb row_position_tablet=\u00bbinherit\u00bb row_position_phone=\u00bbinherit\u00bb overflow=\u00bbvisible\u00bb overlay_strength=\u00bb0.3&#8243; gradient_direction=\u00bbleft_to_right\u00bb shape_divider_position=\u00bbbottom\u00bb bg_image_animation=\u00bbnone\u00bb gradient_type=\u00bbdefault\u00bb shape_type=\u00bb\u00bb][vc_column column_padding=\u00bbno-extra-padding\u00bb column_padding_tablet=\u00bbinherit\u00bb column_padding_phone=\u00bbinherit\u00bb column_padding_position=\u00bball\u00bb column_element_direction_desktop=\u00bbdefault\u00bb column_element_spacing=\u00bbdefault\u00bb desktop_text_alignment=\u00bbdefault\u00bb tablet_text_alignment=\u00bbdefault\u00bb phone_text_alignment=\u00bbdefault\u00bb background_color_opacity=\u00bb1&#8243; background_hover_color_opacity=\u00bb1&#8243; column_backdrop_filter=\u00bbnone\u00bb column_shadow=\u00bbnone\u00bb column_border_radius=\u00bbnone\u00bb column_link_target=\u00bb_self\u00bb column_position=\u00bbdefault\u00bb gradient_direction=\u00bbleft_to_right\u00bb overlay_strength=\u00bb0.3&#8243; width=\u00bb1\/1&#8243; tablet_width_inherit=\u00bbdefault\u00bb animation_type=\u00bbdefault\u00bb bg_image_animation=\u00bbnone\u00bb border_type=\u00bbsimple\u00bb column_border_width=\u00bbnone\u00bb column_border_style=\u00bbsolid\u00bb column_padding_type=\u00bbdefault\u00bb content_layout=\u00bbdefault\u00bb gradient_type=\u00bbdefault\u00bb][vc_row_inner equal_height=\u00bbyes\u00bb content_placement=\u00bbstretch\u00bb column_margin=\u00bb30px\u00bb column_direction=\u00bbdefault\u00bb column_direction_tablet=\u00bbdefault\u00bb column_direction_phone=\u00bbdefault\u00bb top_padding=\u00bb3%\u00bb constrain_group_1=\u00bbyes\u00bb bottom_padding=\u00bb3%\u00bb left_padding_desktop=\u00bb5%\u00bb constrain_group_2=\u00bbyes\u00bb right_padding_desktop=\u00bb5%\u00bb top_padding_tablet=\u00bb7%\u00bb left_padding_tablet=\u00bb7%\u00bb constrain_group_4=\u00bbyes\u00bb right_padding_tablet=\u00bb7%\u00bb top_padding_phone=\u00bb10%\u00bb constrain_group_5=\u00bbyes\u00bb bottom_padding_phone=\u00bb10%\u00bb left_padding_phone=\u00bb5%\u00bb constrain_group_6=\u00bbyes\u00bb right_padding_phone=\u00bb5%\u00bb text_align=\u00bbleft\u00bb row_position=\u00bbdefault\u00bb row_position_tablet=\u00bbinherit\u00bb row_position_phone=\u00bbinherit\u00bb zindex=\u00bb100&#8243; overflow=\u00bbvisible\u00bb pointer_events=\u00bball\u00bb][vc_column_inner column_padding=\u00bbpadding-4-percent\u00bb column_padding_tablet=\u00bbinherit\u00bb column_padding_phone=\u00bbinherit\u00bb column_padding_position=\u00bball\u00bb column_element_direction_desktop=\u00bbdefault\u00bb column_element_spacing=\u00bbdefault\u00bb desktop_text_alignment=\u00bbdefault\u00bb tablet_text_alignment=\u00bbdefault\u00bb phone_text_alignment=\u00bbdefault\u00bb background_color=\u00bb#FFFFFF\u00bb background_color_opacity=\u00bb1&#8243; background_hover_color_opacity=\u00bb1&#8243; column_backdrop_filter=\u00bbnone\u00bb column_shadow=\u00bbsmall_depth\u00bb column_border_radius=\u00bb10px\u00bb column_link_target=\u00bb_self\u00bb overflow=\u00bbvisible\u00bb gradient_direction=\u00bbleft_to_right\u00bb overlay_strength=\u00bb0.3&#8243; width=\u00bb1\/3&#8243; tablet_width_inherit=\u00bbdefault\u00bb animation_type=\u00bbdefault\u00bb enable_animation=\u00bbtrue\u00bb animation=\u00bbgrow-in\u00bb animation_easing=\u00bbdefault\u00bb bg_image_animation=\u00bbnone\u00bb border_type=\u00bbsimple\u00bb column_border_width=\u00bbnone\u00bb column_border_style=\u00bbsolid\u00bb column_padding_type=\u00bbdefault\u00bb content_layout=\u00bbdefault\u00bb gradient_type=\u00bbdefault\u00bb height_desktop=\u00bb625&#8243; height_tablet=\u00bb525&#8243; height_phone=\u00bb475&#8243;][image_with_animation image_url=\u00bb2371&#8243; image_size=\u00bbfull\u00bb max_width=\u00bbcustom\u00bb animation_type=\u00bbentrance\u00bb animation=\u00bbNone\u00bb animation_movement_type=\u00bbtransform_y\u00bb hover_animation=\u00bbnone\u00bb alignment=\u00bb\u00bb border_radius=\u00bbnone\u00bb box_shadow=\u00bbnone\u00bb image_loading=\u00bbdefault\u00bb max_width_custom=\u00bb35%\u00bb max_width_custom_phone=\u00bb25%\u00bb max_width_custom_tablet=\u00bb20%\u00bb][divider line_type=\u00bbNo Line\u00bb custom_height=\u00bb15px\u00bb custom_height_phone=\u00bb10px\u00bb][nectar_responsive_text inherited_font_style=\u00bbh3&#8243; text_color=\u00bb#000000&#8243; text_direction=\u00bbdefault\u00bb]\n<h3>Llegada en coche<\/h3>\n[\/nectar_responsive_text][nectar_responsive_text inherited_font_style=\u00bbp\u00bb text_direction=\u00bbdefault\u00bb]Direcci\u00f3n Ciutadella \u2192 Ma\u00f3<br \/>\nDespu\u00e9s de 3 km pasando el pueblo de Alaior, nos encontrar\u00e9is en la entrada de la urbanizaci\u00f3n Argentina, a mano derecha.[\/nectar_responsive_text][divider line_type=\u00bbNo Line\u00bb custom_height=\u00bb15px\u00bb custom_height_phone=\u00bb10px\u00bb][nectar_responsive_text inherited_font_style=\u00bbp\u00bb text_direction=\u00bbdefault\u00bb]Direcci\u00f3n Ma\u00f3 \u2192 Ciutadella<br \/>\nNos encontrar\u00e9is a unos 7 km de Ma\u00f3, a la izquierda, en la entrada de la urbanizaci\u00f3n Argentina.[\/nectar_responsive_text][nectar_cta btn_style=\u00bbtext-reveal\u00bb heading_tag=\u00bbh6&#8243; link_type=\u00bbnew_tab\u00bb button_color=\u00bbaccent-color\u00bb text_color=\u00bb#FFFFFF\u00bb button_border_thickness=\u00bb0px\u00bb alignment=\u00bbleft\u00bb alignment_tablet=\u00bbdefault\u00bb alignment_phone=\u00bbdefault\u00bb constrain_group_3=\u00bbyes\u00bb constrain_group_4=\u00bbyes\u00bb display=\u00bbblock\u00bb display_tablet=\u00bbinherit\u00bb display_phone=\u00bbinherit\u00bb icon_family=\u00bbnone\u00bb link_text=\u00bbVer en Google Maps\u00bb padding_top=\u00bb0.7em\u00bb padding_bottom=\u00bb0.7em\u00bb padding_left=\u00bb1.4em\u00bb padding_right=\u00bb1.4em\u00bb url=\u00bbhttps:\/\/www.google.com\/maps\/dir\/\/LLOC+DE+MENORCA,+Carretera+general+Km+8+Urbanizaci\u00f3n,+07730+L&#8217;Argentina,+Balearic+Islands,+Espa\u00f1a\/@39.9153071,4.1781025,834m\/data=!3m1!1e3!4m16!1m7!3m6!1s0x12be276509e9b48d:0x7cdfecc7229a8c69!2sLLOC+DE+MENORCA!8m2!3d39.9153071!4d4.1781025!16s%2Fg%2F1q5bl08n0!4m7!1m0!1m5!1m1!1s0x12be276509e9b48d:0x7cdfecc7229a8c69!2m2!1d4.1781025!2d39.9153071?entry=ttu&amp;g_ep=EgoyMDI2MDIxNy4wIKXMDSoASAFQAw%3D%3D\u00bb font_size_desktop=\u00bb14&#8243;][\/vc_column_inner][vc_column_inner column_padding=\u00bbpadding-4-percent\u00bb column_padding_tablet=\u00bbinherit\u00bb column_padding_phone=\u00bbinherit\u00bb column_padding_position=\u00bball\u00bb column_element_direction_desktop=\u00bbdefault\u00bb column_element_spacing=\u00bbdefault\u00bb desktop_text_alignment=\u00bbdefault\u00bb tablet_text_alignment=\u00bbdefault\u00bb phone_text_alignment=\u00bbdefault\u00bb background_color=\u00bb#FFFFFF\u00bb background_color_opacity=\u00bb1&#8243; background_hover_color_opacity=\u00bb1&#8243; column_backdrop_filter=\u00bbnone\u00bb column_shadow=\u00bbsmall_depth\u00bb column_border_radius=\u00bb10px\u00bb column_link_target=\u00bb_self\u00bb overflow=\u00bbvisible\u00bb boxed=\u00bbtrue\u00bb gradient_direction=\u00bbleft_to_right\u00bb overlay_strength=\u00bb0.3&#8243; width=\u00bb1\/3&#8243; tablet_width_inherit=\u00bbdefault\u00bb animation_type=\u00bbdefault\u00bb enable_animation=\u00bbtrue\u00bb animation=\u00bbgrow-in\u00bb animation_easing=\u00bbdefault\u00bb bg_image_animation=\u00bbnone\u00bb border_type=\u00bbsimple\u00bb column_border_width=\u00bbnone\u00bb column_border_style=\u00bbsolid\u00bb delay=\u00bb200&#8243; column_padding_type=\u00bbdefault\u00bb content_layout=\u00bbdefault\u00bb gradient_type=\u00bbdefault\u00bb height_desktop=\u00bb625&#8243; height_tablet=\u00bb375&#8243; height_phone=\u00bb350&#8243;][image_with_animation image_url=\u00bb2370&#8243; image_size=\u00bbfull\u00bb max_width=\u00bbcustom\u00bb animation_type=\u00bbentrance\u00bb animation=\u00bbNone\u00bb animation_movement_type=\u00bbtransform_y\u00bb hover_animation=\u00bbnone\u00bb alignment=\u00bb\u00bb border_radius=\u00bbnone\u00bb box_shadow=\u00bbnone\u00bb image_loading=\u00bbdefault\u00bb max_width_custom=\u00bb35%\u00bb max_width_custom_phone=\u00bb25%\u00bb max_width_custom_tablet=\u00bb20%\u00bb][divider line_type=\u00bbNo Line\u00bb custom_height=\u00bb15px\u00bb custom_height_phone=\u00bb10px\u00bb][nectar_responsive_text inherited_font_style=\u00bbh3&#8243; text_color=\u00bb#000000&#8243; text_direction=\u00bbdefault\u00bb]\n<h3>Llegada en taxi<\/h3>\n[\/nectar_responsive_text][nectar_responsive_text inherited_font_style=\u00bbp\u00bb text_direction=\u00bbdefault\u00bb]Despu\u00e9s de 3 km pasando el pueblo de Alaior, nos encontrar\u00e9is en la entrada de la urbanizaci\u00f3n Argentina, a mano derecha.<\/p>\n[\/nectar_responsive_text][nectar_cta btn_style=\u00bbtext-reveal\u00bb heading_tag=\u00bbh6&#8243; link_type=\u00bbnew_tab\u00bb button_color=\u00bbextra-color-3&#8243; text_color=\u00bb#FFFFFF\u00bb button_border_thickness=\u00bb0px\u00bb alignment=\u00bbleft\u00bb alignment_tablet=\u00bbdefault\u00bb alignment_phone=\u00bbdefault\u00bb constrain_group_3=\u00bbyes\u00bb constrain_group_4=\u00bbyes\u00bb display=\u00bbblock\u00bb display_tablet=\u00bbinherit\u00bb display_phone=\u00bbinherit\u00bb icon_family=\u00bbnone\u00bb link_text=\u00bbVer en Google Maps\u00bb padding_top=\u00bb0.7em\u00bb padding_bottom=\u00bb0.7em\u00bb padding_left=\u00bb1.4em\u00bb padding_right=\u00bb1.4em\u00bb url=\u00bbhttps:\/\/www.google.com\/maps\/dir\/\/LLOC+DE+MENORCA,+Carretera+general+Km+8+Urbanizaci\u00f3n,+07730+L&#8217;Argentina,+Balearic+Islands,+Espa\u00f1a\/@39.9153071,4.1781025,834m\/data=!3m1!1e3!4m16!1m7!3m6!1s0x12be276509e9b48d:0x7cdfecc7229a8c69!2sLLOC+DE+MENORCA!8m2!3d39.9153071!4d4.1781025!16s%2Fg%2F1q5bl08n0!4m7!1m0!1m5!1m1!1s0x12be276509e9b48d:0x7cdfecc7229a8c69!2m2!1d4.1781025!2d39.9153071?entry=ttu&amp;g_ep=EgoyMDI2MDIxNy4wIKXMDSoASAFQAw%3D%3D\u00bb font_size_desktop=\u00bb14px\u00bb][\/vc_column_inner][vc_column_inner column_padding=\u00bbpadding-4-percent\u00bb column_padding_tablet=\u00bbinherit\u00bb column_padding_phone=\u00bbinherit\u00bb column_padding_position=\u00bball\u00bb column_element_direction_desktop=\u00bbdefault\u00bb column_element_spacing=\u00bbdefault\u00bb desktop_text_alignment=\u00bbdefault\u00bb tablet_text_alignment=\u00bbdefault\u00bb phone_text_alignment=\u00bbdefault\u00bb background_color=\u00bb#FFFFFF\u00bb background_color_opacity=\u00bb1&#8243; background_hover_color_opacity=\u00bb1&#8243; column_backdrop_filter=\u00bbnone\u00bb column_shadow=\u00bbsmall_depth\u00bb column_border_radius=\u00bb10px\u00bb column_link_target=\u00bb_self\u00bb overflow=\u00bbvisible\u00bb gradient_direction=\u00bbleft_to_right\u00bb overlay_strength=\u00bb0.3&#8243; width=\u00bb1\/3&#8243; tablet_width_inherit=\u00bbdefault\u00bb animation_type=\u00bbdefault\u00bb enable_animation=\u00bbtrue\u00bb animation=\u00bbgrow-in\u00bb animation_easing=\u00bbdefault\u00bb bg_image_animation=\u00bbnone\u00bb border_type=\u00bbsimple\u00bb column_border_width=\u00bbnone\u00bb column_border_style=\u00bbsolid\u00bb column_padding_type=\u00bbdefault\u00bb height_desktop=\u00bb625&#8243; content_layout=\u00bbdefault\u00bb gradient_type=\u00bbdefault\u00bb delay=\u00bb400&#8243; height_tablet=\u00bb375&#8243; height_phone=\u00bb450&#8243;][image_with_animation image_url=\u00bb2369&#8243; image_size=\u00bbfull\u00bb max_width=\u00bbcustom\u00bb animation_type=\u00bbentrance\u00bb animation=\u00bbNone\u00bb animation_movement_type=\u00bbtransform_y\u00bb hover_animation=\u00bbnone\u00bb alignment=\u00bb\u00bb border_radius=\u00bbnone\u00bb box_shadow=\u00bbnone\u00bb image_loading=\u00bbdefault\u00bb max_width_custom=\u00bb35%\u00bb max_width_custom_phone=\u00bb25%\u00bb max_width_custom_tablet=\u00bb20%\u00bb][divider line_type=\u00bbNo Line\u00bb custom_height=\u00bb15px\u00bb custom_height_phone=\u00bb10px\u00bb][nectar_responsive_text inherited_font_style=\u00bbh3&#8243; text_color=\u00bb#000000&#8243; text_direction=\u00bbdefault\u00bb]\n<h3>Llegada en transporte p\u00fablico<\/h3>\n[\/nectar_responsive_text][nectar_responsive_text inherited_font_style=\u00bbp\u00bb text_direction=\u00bbdefault\u00bb]Actualmente la urbanizaci\u00f3n Argentina tiene una parada de autob\u00fas p\u00fablico. Los horarios y las tarifas se pueden encontrar en <a href=\"https:\/\/www.tmsa.es\/linea\/601\" target=\"_blank\" rel=\"noopener\">esta web<\/a>.<\/p>\n<p>Hay diferentes l\u00edneas y horarios seg\u00fan la posici\u00f3n donde os encontr\u00e9is.[\/nectar_responsive_text][nectar_cta btn_style=\u00bbtext-reveal\u00bb heading_tag=\u00bbh6&#8243; link_type=\u00bbnew_tab\u00bb button_color=\u00bbextra-color-1&#8243; text_color=\u00bb#FFFFFF\u00bb button_border_thickness=\u00bb0px\u00bb alignment=\u00bbleft\u00bb alignment_tablet=\u00bbdefault\u00bb alignment_phone=\u00bbdefault\u00bb constrain_group_3=\u00bbyes\u00bb constrain_group_4=\u00bbyes\u00bb display=\u00bbblock\u00bb display_tablet=\u00bbinherit\u00bb display_phone=\u00bbinherit\u00bb icon_family=\u00bbnone\u00bb link_text=\u00bbVer en Google Maps\u00bb padding_top=\u00bb0.7em\u00bb padding_bottom=\u00bb0.7em\u00bb padding_left=\u00bb1.4em\u00bb padding_right=\u00bb1.4em\u00bb url=\u00bbhttps:\/\/www.google.com\/maps\/dir\/\/LLOC+DE+MENORCA,+Carretera+general+Km+8+Urbanizaci\u00f3n,+07730+L&#8217;Argentina,+Balearic+Islands,+Espa\u00f1a\/@39.9153071,4.1781025,834m\/data=!3m1!1e3!4m16!1m7!3m6!1s0x12be276509e9b48d:0x7cdfecc7229a8c69!2sLLOC+DE+MENORCA!8m2!3d39.9153071!4d4.1781025!16s%2Fg%2F1q5bl08n0!4m7!1m0!1m5!1m1!1s0x12be276509e9b48d:0x7cdfecc7229a8c69!2m2!1d4.1781025!2d39.9153071?entry=ttu&amp;g_ep=EgoyMDI2MDIxNy4wIKXMDSoASAFQAw%3D%3D\u00bb font_size_desktop=\u00bb14&#8243;][\/vc_column_inner][\/vc_row_inner][\/vc_column][\/vc_row]\n","protected":false},"excerpt":{"rendered":"<p>[vc_row type=\u00bbfull_width_content\u00bb full_screen_row_position=\u00bbmiddle\u00bb column_margin=\u00bbdefault\u00bb column_direction=\u00bbdefault\u00bb column_direction_tablet=\u00bbdefault\u00bb column_direction_phone=\u00bbdefault\u00bb bg_image=\u00bb1769&#8243; bg_image_type=\u00bbdefault\u00bb bg_position=\u00bbcenter center\u00bb background_image_loading=\u00bbdefault\u00bb bg_repeat=\u00bbno-repeat\u00bb scene_position=\u00bbcenter\u00bb top_padding=\u00bb8%\u00bb constrain_group_1=\u00bbyes\u00bb bottom_padding=\u00bb8%\u00bb text_color=\u00bbdark\u00bb text_align=\u00bbleft\u00bb row_border_radius=\u00bbnone\u00bb row_border_radius_applies=\u00bbbg\u00bb row_position_desktop=\u00bbdefault\u00bb row_position_tablet=\u00bbinherit\u00bb row_position_phone=\u00bbinherit\u00bb overflow=\u00bbvisible\u00bb enable_gradient=\u00bbtrue\u00bb color_overlay=\u00bb#713E03&#8243; color_overlay_2=\u00bb#EA9F4B\u00bb overlay_strength=\u00bb0.5&#8243; gradient_direction=\u00bbleft_to_right\u00bb&#8230;<\/p>\n","protected":false},"author":1,"featured_media":0,"parent":0,"menu_order":8,"comment_status":"closed","ping_status":"closed","template":"","meta":{"footnotes":""},"class_list":["post-2714","page","type-page","status-publish"],"_links":{"self":[{"href":"https:\/\/llocdemenorca.com\/es\/wp-json\/wp\/v2\/pages\/2714","targetHints":{"allow":["GET"]}}],"collection":[{"href":"https:\/\/llocdemenorca.com\/es\/wp-json\/wp\/v2\/pages"}],"about":[{"href":"https:\/\/llocdemenorca.com\/es\/wp-json\/wp\/v2\/types\/page"}],"author":[{"embeddable":true,"href":"https:\/\/llocdemenorca.com\/es\/wp-json\/wp\/v2\/users\/1"}],"replies":[{"embeddable":true,"href":"https:\/\/llocdemenorca.com\/es\/wp-json\/wp\/v2\/comments?post=2714"}],"version-history":[{"count":6,"href":"https:\/\/llocdemenorca.com\/es\/wp-json\/wp\/v2\/pages\/2714\/revisions"}],"predecessor-version":[{"id":3185,"href":"https:\/\/llocdemenorca.com\/es\/wp-json\/wp\/v2\/pages\/2714\/revisions\/3185"}],"wp:attachment":[{"href":"https:\/\/llocdemenorca.com\/es\/wp-json\/wp\/v2\/media?parent=2714"}],"curies":[{"name":"wp","href":"https:\/\/api.w.org\/{rel}","templated":true}]}}